{"id":733,"date":"2025-04-29T14:16:56","date_gmt":"2025-04-29T14:16:56","guid":{"rendered":"http:\/\/bnbzen-yes.local\/product\/ok\/"},"modified":"2025-04-29T14:16:56","modified_gmt":"2025-04-29T14:16:56","slug":"ok","status":"publish","type":"product","link":"https:\/\/bnbzen.fr\/en\/product\/ok\/","title":{"rendered":"ok"},"content":{"rendered":"<h2>Your Agency Template<\/h2>\n<h3>Multi-purpose Template<br \/>\n<b>Create Your Website<\/b><br \/>\n<b>Create Your Idea<\/b><br \/>\n|<\/h3>\n<p>Lorem ipsum dolor sit amet, consectetur adipiscing elit. Ut elit tellus, luctus nec ullamcorper mattis, pulvinar dapibus leo.<\/p>\n<p><a href=\"#link\" data-text=\"Go\"><br \/>\nGet Started<br \/>\n<\/a><\/p>\n<h2>Our Services<\/h2>\n<p>Ask especially collecting terminated may son expression. Extremely eagerness principle<br \/>\nestimable own was man. Men received far his dashwood subjects new.<\/p>\n<h3>Web Design<\/h3>\n<p>Lorem Ipsum\u00a0is simply dumy text of the printing typesetting industry lorem ipsum.<\/p>\n<p>\u00a0<\/p>\n<h3>Graphic Design<\/h3>\n<p>Lorem Ipsum\u00a0is simply dumy text of the printing typesetting industry lorem ipsum.<\/p>\n<p>\u00a0<\/p>\n<h3>Content Creation<\/h3>\n<p>Lorem Ipsum\u00a0is simply dumy text of the printing typesetting industry lorem ipsum.<\/p>\n<p><img decoding=\"async\" src=\"https:\/\/bnbzen.fr\/wp-content\/uploads\/2025\/04\/Team-1.jpg\" alt=\"Renee Howard\" \/><br \/>\nRenee Howard<br \/>\n<i>\u2606<\/i><br \/>\n<i>\u2606<\/i><br \/>\n<i>\u2606<\/i><br \/>\n<i>\u2606<\/i><br \/>\n<i>\u2606<\/i><\/p>\n<p>\u00ab\u00a0Lorem ipsum dolor sit amet, consectetur adipiscing elit. Curabitur laoreet cursus volutpat. Aliquam sit amet ligula et justo tincidunt laoreet non vitae lorem. Aliquam porttitor tellus enim, eget commodo augue porta ut. Maecenas lobortis ligula vel tellus sagittis ullamcorperv vestibulum pellentesque cursutu.\u00a0\u00bb<\/p>\n<p><img decoding=\"async\" src=\"https:\/\/bnbzen.fr\/wp-content\/uploads\/2025\/04\/Team-2.jpg\" alt=\"Spencer Olsen\" \/><br \/>\nSpencer Olsen<br \/>\n<i>\u2606<\/i><br \/>\n<i>\u2606<\/i><br \/>\n<i>\u2606<\/i><br \/>\n<i>\u2606<\/i><br \/>\n<i>\u2606<\/i><\/p>\n<p>\u00ab\u00a0Lorem ipsum dolor sit amet, consectetur adipiscing elit. Curabitur laoreet cursus volutpat. Aliquam sit amet ligula et justo tincidunt laoreet non vitae lorem. Aliquam porttitor tellus enim, eget commodo augue porta ut. Maecenas lobortis ligula vel tellus sagittis ullamcorperv vestibulum pellentesque cursutu.\u00a0\u00bb<\/p>\n<p><img decoding=\"async\" src=\"https:\/\/bnbzen.fr\/wp-content\/uploads\/2025\/04\/Team-3.jpg\" alt=\"Rebecca Medina\" \/><br \/>\nRebecca Medina<br \/>\n<i>\u2606<\/i><br \/>\n<i>\u2606<\/i><br \/>\n<i>\u2606<\/i><br \/>\n<i>\u2606<\/i><br \/>\n<i>\u2606<\/i><\/p>\n<p>\u00ab\u00a0Lorem ipsum dolor sit amet, consectetur adipiscing elit. Curabitur laoreet cursus volutpat. Aliquam sit amet ligula et justo tincidunt laoreet non vitae lorem. Aliquam porttitor tellus enim, eget commodo augue porta ut. Maecenas lobortis ligula vel tellus sagittis ullamcorperv vestibulum pellentesque cursutu.\u00a0\u00bb<\/p>\n<h2>About Us<\/h2>\n<h2>What Sets Our Business Apart for Your Selection<\/h2>\n<p>Boy favourable day can introduced sentiments entreaties. Noisier carried of in warrant because. So mr plate seems cause chief widen first. Two differed husbands met screened his. Bed was form wife out ask draw. Wholly coming at we no enable. Offending sir delivered questions now new met. Acceptance she interested.<\/p>\n<p><a href=\"#link\" data-text=\"Go\"><br \/>\nMore About Us<br \/>\n<\/a><br \/>\n<img fetchpriority=\"high\" decoding=\"async\" src=\"https:\/\/bnbzen.fr\/wp-content\/uploads\/2025\/04\/pic-3.jpg\" alt=\"\" width=\"550\" height=\"700\" \/><\/p>\n<h2>Any Question?<\/h2>\n<p>On it differed repeated wandered required in. Then girl neat why yet knew rose spot. Moreover property we he kindness greatest be oh striking laughter. In me he at collecting affronting.<\/p>\n<p><a href=\"#link\" data-text=\"Go\"><br \/>\nContact Us<br \/>\n<\/a><\/p>","protected":false},"excerpt":{"rendered":"<p>Your Agency Template Multi-purpose Template Create Your Website Create Your Idea | Lorem ipsum dolor sit amet, consectetur adipiscing elit. Ut elit tellus, luctus nec ullamcorper mattis, pulvinar dapibus leo. Get Started Our Services Ask especially collecting terminated may son expression. Extremely eagerness principle estimable own was man. Men received far his dashwood subjects new. Web Design Lorem Ipsum\u00a0is simply dumy text of the printing typesetting industry lorem ipsum. \u00a0 Graphic Design Lorem Ipsum\u00a0is simply dumy text of the printing typesetting industry lorem ipsum. \u00a0 Content Creation Lorem Ipsum\u00a0is simply dumy text of the printing typesetting industry lorem ipsum. Renee Howard \u2606 \u2606 \u2606 \u2606 \u2606 \u00ab\u00a0Lorem ipsum dolor sit amet, consectetur adipiscing elit. Curabitur laoreet cursus volutpat. Aliquam sit amet ligula et justo tincidunt laoreet non vitae lorem. Aliquam porttitor tellus enim, eget commodo augue porta ut. Maecenas lobortis ligula vel tellus sagittis ullamcorperv vestibulum pellentesque cursutu.\u00a0\u00bb Spencer Olsen \u2606 \u2606 \u2606 \u2606 \u2606 \u00ab\u00a0Lorem ipsum dolor sit amet, consectetur adipiscing elit. Curabitur laoreet cursus volutpat. Aliquam sit amet ligula et justo tincidunt laoreet non vitae lorem. Aliquam porttitor tellus enim, eget commodo augue porta ut. Maecenas lobortis ligula vel tellus sagittis ullamcorperv vestibulum pellentesque cursutu.\u00a0\u00bb Rebecca Medina \u2606 \u2606 \u2606 \u2606 \u2606 \u00ab\u00a0Lorem ipsum dolor sit amet, consectetur adipiscing elit. Curabitur laoreet cursus volutpat. Aliquam sit amet ligula et justo tincidunt laoreet non vitae lorem. Aliquam porttitor tellus enim, eget commodo augue porta ut. Maecenas lobortis ligula vel tellus sagittis ullamcorperv vestibulum pellentesque cursutu.\u00a0\u00bb About Us What Sets Our Business Apart for Your Selection Boy favourable day can introduced sentiments entreaties. Noisier carried of in warrant because. So mr plate seems cause chief widen first. Two differed husbands met screened his. Bed was form wife out ask draw. Wholly coming at we no enable. Offending sir delivered questions now new met. Acceptance she interested. More About Us Any Question? On it differed repeated wandered required in. Then girl neat why yet knew rose spot. Moreover property we he kindness greatest be oh striking laughter. In me he at collecting affronting. Contact Us<\/p>","protected":false},"featured_media":0,"comment_status":"open","ping_status":"closed","template":"","meta":{"_acf_changed":false,"_monsterinsights_skip_tracking":false,"_monsterinsights_sitenote_active":false,"_monsterinsights_sitenote_note":"","_monsterinsights_sitenote_category":0,"postBodyCss":"","postBodyMargin":[],"postBodyPadding":[],"postBodyBackground":{"backgroundType":"classic","gradient":""}},"product_brand":[],"product_cat":[20],"product_tag":[],"class_list":{"0":"post-733","1":"product","2":"type-product","3":"status-publish","5":"product_cat-listeo-booking","7":"first","8":"instock","9":"downloadable","10":"virtual","11":"sold-individually","12":"purchasable","13":"product-type-listing_booking"},"acf":[],"yoast_head":"<!-- This site is optimized with the Yoast SEO plugin v27.5 - https:\/\/yoast.com\/product\/yoast-seo-wordpress\/ -->\n<title>ok - Bnbzen<\/title>\n<meta name=\"robots\" content=\"index, follow, max-snippet:-1, max-image-preview:large, max-video-preview:-1\" \/>\n<link rel=\"canonical\" href=\"https:\/\/bnbzen.fr\/en\/product\/ok\/\" \/>\n<meta property=\"og:locale\" content=\"en_GB\" \/>\n<meta property=\"og:type\" content=\"article\" \/>\n<meta property=\"og:title\" content=\"ok - Bnbzen\" \/>\n<meta property=\"og:description\" content=\"Your Agency Template Multi-purpose Template Create Your Website Create Your Idea | Lorem ipsum dolor sit amet, consectetur adipiscing elit. Ut elit tellus, luctus nec ullamcorper mattis, pulvinar dapibus leo. Get Started Our Services Ask especially collecting terminated may son expression. Extremely eagerness principle estimable own was man. Men received far his dashwood subjects new. Web Design Lorem Ipsum\u00a0is simply dumy text of the printing typesetting industry lorem ipsum. \u00a0 Graphic Design Lorem Ipsum\u00a0is simply dumy text of the printing typesetting industry lorem ipsum. \u00a0 Content Creation Lorem Ipsum\u00a0is simply dumy text of the printing typesetting industry lorem ipsum. Renee Howard \u2606 \u2606 \u2606 \u2606 \u2606 \u00ab\u00a0Lorem ipsum dolor sit amet, consectetur adipiscing elit. Curabitur laoreet cursus volutpat. Aliquam sit amet ligula et justo tincidunt laoreet non vitae lorem. Aliquam porttitor tellus enim, eget commodo augue porta ut. Maecenas lobortis ligula vel tellus sagittis ullamcorperv vestibulum pellentesque cursutu.\u00a0\u00bb Spencer Olsen \u2606 \u2606 \u2606 \u2606 \u2606 \u00ab\u00a0Lorem ipsum dolor sit amet, consectetur adipiscing elit. Curabitur laoreet cursus volutpat. Aliquam sit amet ligula et justo tincidunt laoreet non vitae lorem. Aliquam porttitor tellus enim, eget commodo augue porta ut. Maecenas lobortis ligula vel tellus sagittis ullamcorperv vestibulum pellentesque cursutu.\u00a0\u00bb Rebecca Medina \u2606 \u2606 \u2606 \u2606 \u2606 \u00ab\u00a0Lorem ipsum dolor sit amet, consectetur adipiscing elit. Curabitur laoreet cursus volutpat. Aliquam sit amet ligula et justo tincidunt laoreet non vitae lorem. Aliquam porttitor tellus enim, eget commodo augue porta ut. Maecenas lobortis ligula vel tellus sagittis ullamcorperv vestibulum pellentesque cursutu.\u00a0\u00bb About Us What Sets Our Business Apart for Your Selection Boy favourable day can introduced sentiments entreaties. Noisier carried of in warrant because. So mr plate seems cause chief widen first. Two differed husbands met screened his. Bed was form wife out ask draw. Wholly coming at we no enable. Offending sir delivered questions now new met. Acceptance she interested. More About Us Any Question? On it differed repeated wandered required in. Then girl neat why yet knew rose spot. Moreover property we he kindness greatest be oh striking laughter. In me he at collecting affronting. Contact Us\" \/>\n<meta property=\"og:url\" content=\"https:\/\/bnbzen.fr\/en\/product\/ok\/\" \/>\n<meta property=\"og:site_name\" content=\"Bnbzen\" \/>\n<meta property=\"og:image\" content=\"https:\/\/bnbzen.fr\/wp-content\/uploads\/2025\/04\/Team-1.jpg\" \/>\n<meta name=\"twitter:card\" content=\"summary_large_image\" \/>\n<meta name=\"twitter:label1\" content=\"Estimated reading time\" \/>\n\t<meta name=\"twitter:data1\" content=\"2 minutes\" \/>\n<script type=\"application\/ld+json\" class=\"yoast-schema-graph\">{\"@context\":\"https:\\\/\\\/schema.org\",\"@graph\":[{\"@type\":\"WebPage\",\"@id\":\"https:\\\/\\\/bnbzen.fr\\\/produit\\\/ok\\\/\",\"url\":\"https:\\\/\\\/bnbzen.fr\\\/produit\\\/ok\\\/\",\"name\":\"ok - Bnbzen\",\"isPartOf\":{\"@id\":\"https:\\\/\\\/bnbzen.fr\\\/#website\"},\"primaryImageOfPage\":{\"@id\":\"https:\\\/\\\/bnbzen.fr\\\/produit\\\/ok\\\/#primaryimage\"},\"image\":{\"@id\":\"https:\\\/\\\/bnbzen.fr\\\/produit\\\/ok\\\/#primaryimage\"},\"thumbnailUrl\":\"https:\\\/\\\/bnbzen.fr\\\/wp-content\\\/uploads\\\/2025\\\/04\\\/Team-1.jpg\",\"datePublished\":\"2025-04-29T14:16:56+00:00\",\"breadcrumb\":{\"@id\":\"https:\\\/\\\/bnbzen.fr\\\/produit\\\/ok\\\/#breadcrumb\"},\"inLanguage\":\"en-GB\",\"potentialAction\":[{\"@type\":\"ReadAction\",\"target\":[\"https:\\\/\\\/bnbzen.fr\\\/produit\\\/ok\\\/\"]}]},{\"@type\":\"ImageObject\",\"inLanguage\":\"en-GB\",\"@id\":\"https:\\\/\\\/bnbzen.fr\\\/produit\\\/ok\\\/#primaryimage\",\"url\":\"https:\\\/\\\/bnbzen.fr\\\/wp-content\\\/uploads\\\/2025\\\/04\\\/Team-1.jpg\",\"contentUrl\":\"https:\\\/\\\/bnbzen.fr\\\/wp-content\\\/uploads\\\/2025\\\/04\\\/Team-1.jpg\"},{\"@type\":\"BreadcrumbList\",\"@id\":\"https:\\\/\\\/bnbzen.fr\\\/produit\\\/ok\\\/#breadcrumb\",\"itemListElement\":[{\"@type\":\"ListItem\",\"position\":1,\"name\":\"Accueil\",\"item\":\"https:\\\/\\\/bnbzen.fr\\\/\"},{\"@type\":\"ListItem\",\"position\":2,\"name\":\"Shop\",\"item\":\"https:\\\/\\\/bnbzen.fr\\\/shop\\\/\"},{\"@type\":\"ListItem\",\"position\":3,\"name\":\"ok\"}]},{\"@type\":\"WebSite\",\"@id\":\"https:\\\/\\\/bnbzen.fr\\\/#website\",\"url\":\"https:\\\/\\\/bnbzen.fr\\\/\",\"name\":\"Bnbzen\",\"description\":\"La 1\u00e8re plateforme de suites bien-\u00eatre, journ\u00e9e &amp; nuit\u00e9e.\",\"publisher\":{\"@id\":\"https:\\\/\\\/bnbzen.fr\\\/#organization\"},\"alternateName\":\"Bnbzen\",\"potentialAction\":[{\"@type\":\"SearchAction\",\"target\":{\"@type\":\"EntryPoint\",\"urlTemplate\":\"https:\\\/\\\/bnbzen.fr\\\/?s={search_term_string}\"},\"query-input\":{\"@type\":\"PropertyValueSpecification\",\"valueRequired\":true,\"valueName\":\"search_term_string\"}}],\"inLanguage\":\"en-GB\"},{\"@type\":\"Organization\",\"@id\":\"https:\\\/\\\/bnbzen.fr\\\/#organization\",\"name\":\"Bnbzen\",\"url\":\"https:\\\/\\\/bnbzen.fr\\\/\",\"logo\":{\"@type\":\"ImageObject\",\"inLanguage\":\"en-GB\",\"@id\":\"https:\\\/\\\/bnbzen.fr\\\/#\\\/schema\\\/logo\\\/image\\\/\",\"url\":\"https:\\\/\\\/bnbzen.fr\\\/wp-content\\\/uploads\\\/2025\\\/09\\\/cropped-ChatGPT-Image-1-sept.-2025-15_16_27-3.jpg\",\"contentUrl\":\"https:\\\/\\\/bnbzen.fr\\\/wp-content\\\/uploads\\\/2025\\\/09\\\/cropped-ChatGPT-Image-1-sept.-2025-15_16_27-3.jpg\",\"width\":512,\"height\":512,\"caption\":\"Bnbzen\"},\"image\":{\"@id\":\"https:\\\/\\\/bnbzen.fr\\\/#\\\/schema\\\/logo\\\/image\\\/\"}}]}<\/script>\n<!-- \/ Yoast SEO plugin. -->","yoast_head_json":{"title":"ok - Bnbzen","robots":{"index":"index","follow":"follow","max-snippet":"max-snippet:-1","max-image-preview":"max-image-preview:large","max-video-preview":"max-video-preview:-1"},"canonical":"https:\/\/bnbzen.fr\/en\/product\/ok\/","og_locale":"en_GB","og_type":"article","og_title":"ok - Bnbzen","og_description":"Your Agency Template Multi-purpose Template Create Your Website Create Your Idea | Lorem ipsum dolor sit amet, consectetur adipiscing elit. Ut elit tellus, luctus nec ullamcorper mattis, pulvinar dapibus leo. Get Started Our Services Ask especially collecting terminated may son expression. Extremely eagerness principle estimable own was man. Men received far his dashwood subjects new. Web Design Lorem Ipsum\u00a0is simply dumy text of the printing typesetting industry lorem ipsum. \u00a0 Graphic Design Lorem Ipsum\u00a0is simply dumy text of the printing typesetting industry lorem ipsum. \u00a0 Content Creation Lorem Ipsum\u00a0is simply dumy text of the printing typesetting industry lorem ipsum. Renee Howard \u2606 \u2606 \u2606 \u2606 \u2606 \u00ab\u00a0Lorem ipsum dolor sit amet, consectetur adipiscing elit. Curabitur laoreet cursus volutpat. Aliquam sit amet ligula et justo tincidunt laoreet non vitae lorem. Aliquam porttitor tellus enim, eget commodo augue porta ut. Maecenas lobortis ligula vel tellus sagittis ullamcorperv vestibulum pellentesque cursutu.\u00a0\u00bb Spencer Olsen \u2606 \u2606 \u2606 \u2606 \u2606 \u00ab\u00a0Lorem ipsum dolor sit amet, consectetur adipiscing elit. Curabitur laoreet cursus volutpat. Aliquam sit amet ligula et justo tincidunt laoreet non vitae lorem. Aliquam porttitor tellus enim, eget commodo augue porta ut. Maecenas lobortis ligula vel tellus sagittis ullamcorperv vestibulum pellentesque cursutu.\u00a0\u00bb Rebecca Medina \u2606 \u2606 \u2606 \u2606 \u2606 \u00ab\u00a0Lorem ipsum dolor sit amet, consectetur adipiscing elit. Curabitur laoreet cursus volutpat. Aliquam sit amet ligula et justo tincidunt laoreet non vitae lorem. Aliquam porttitor tellus enim, eget commodo augue porta ut. Maecenas lobortis ligula vel tellus sagittis ullamcorperv vestibulum pellentesque cursutu.\u00a0\u00bb About Us What Sets Our Business Apart for Your Selection Boy favourable day can introduced sentiments entreaties. Noisier carried of in warrant because. So mr plate seems cause chief widen first. Two differed husbands met screened his. Bed was form wife out ask draw. Wholly coming at we no enable. Offending sir delivered questions now new met. Acceptance she interested. More About Us Any Question? On it differed repeated wandered required in. Then girl neat why yet knew rose spot. Moreover property we he kindness greatest be oh striking laughter. In me he at collecting affronting. Contact Us","og_url":"https:\/\/bnbzen.fr\/en\/product\/ok\/","og_site_name":"Bnbzen","og_image":[{"url":"https:\/\/bnbzen.fr\/wp-content\/uploads\/2025\/04\/Team-1.jpg","type":"","width":"","height":""}],"twitter_card":"summary_large_image","twitter_misc":{"Estimated reading time":"2 minutes"},"schema":{"@context":"https:\/\/schema.org","@graph":[{"@type":"WebPage","@id":"https:\/\/bnbzen.fr\/produit\/ok\/","url":"https:\/\/bnbzen.fr\/produit\/ok\/","name":"ok - Bnbzen","isPartOf":{"@id":"https:\/\/bnbzen.fr\/#website"},"primaryImageOfPage":{"@id":"https:\/\/bnbzen.fr\/produit\/ok\/#primaryimage"},"image":{"@id":"https:\/\/bnbzen.fr\/produit\/ok\/#primaryimage"},"thumbnailUrl":"https:\/\/bnbzen.fr\/wp-content\/uploads\/2025\/04\/Team-1.jpg","datePublished":"2025-04-29T14:16:56+00:00","breadcrumb":{"@id":"https:\/\/bnbzen.fr\/produit\/ok\/#breadcrumb"},"inLanguage":"en-GB","potentialAction":[{"@type":"ReadAction","target":["https:\/\/bnbzen.fr\/produit\/ok\/"]}]},{"@type":"ImageObject","inLanguage":"en-GB","@id":"https:\/\/bnbzen.fr\/produit\/ok\/#primaryimage","url":"https:\/\/bnbzen.fr\/wp-content\/uploads\/2025\/04\/Team-1.jpg","contentUrl":"https:\/\/bnbzen.fr\/wp-content\/uploads\/2025\/04\/Team-1.jpg"},{"@type":"BreadcrumbList","@id":"https:\/\/bnbzen.fr\/produit\/ok\/#breadcrumb","itemListElement":[{"@type":"ListItem","position":1,"name":"Accueil","item":"https:\/\/bnbzen.fr\/"},{"@type":"ListItem","position":2,"name":"Shop","item":"https:\/\/bnbzen.fr\/shop\/"},{"@type":"ListItem","position":3,"name":"ok"}]},{"@type":"WebSite","@id":"https:\/\/bnbzen.fr\/#website","url":"https:\/\/bnbzen.fr\/","name":"Bnbzen","description":"La 1\u00e8re plateforme de suites bien-\u00eatre, journ\u00e9e &amp; nuit\u00e9e.","publisher":{"@id":"https:\/\/bnbzen.fr\/#organization"},"alternateName":"Bnbzen","potentialAction":[{"@type":"SearchAction","target":{"@type":"EntryPoint","urlTemplate":"https:\/\/bnbzen.fr\/?s={search_term_string}"},"query-input":{"@type":"PropertyValueSpecification","valueRequired":true,"valueName":"search_term_string"}}],"inLanguage":"en-GB"},{"@type":"Organization","@id":"https:\/\/bnbzen.fr\/#organization","name":"Bnbzen","url":"https:\/\/bnbzen.fr\/","logo":{"@type":"ImageObject","inLanguage":"en-GB","@id":"https:\/\/bnbzen.fr\/#\/schema\/logo\/image\/","url":"https:\/\/bnbzen.fr\/wp-content\/uploads\/2025\/09\/cropped-ChatGPT-Image-1-sept.-2025-15_16_27-3.jpg","contentUrl":"https:\/\/bnbzen.fr\/wp-content\/uploads\/2025\/09\/cropped-ChatGPT-Image-1-sept.-2025-15_16_27-3.jpg","width":512,"height":512,"caption":"Bnbzen"},"image":{"@id":"https:\/\/bnbzen.fr\/#\/schema\/logo\/image\/"}}]}},"_links":{"self":[{"href":"https:\/\/bnbzen.fr\/en\/wp-json\/wp\/v2\/product\/733","targetHints":{"allow":["GET"]}}],"collection":[{"href":"https:\/\/bnbzen.fr\/en\/wp-json\/wp\/v2\/product"}],"about":[{"href":"https:\/\/bnbzen.fr\/en\/wp-json\/wp\/v2\/types\/product"}],"replies":[{"embeddable":true,"href":"https:\/\/bnbzen.fr\/en\/wp-json\/wp\/v2\/comments?post=733"}],"wp:attachment":[{"href":"https:\/\/bnbzen.fr\/en\/wp-json\/wp\/v2\/media?parent=733"}],"wp:term":[{"taxonomy":"product_brand","embeddable":true,"href":"https:\/\/bnbzen.fr\/en\/wp-json\/wp\/v2\/product_brand?post=733"},{"taxonomy":"product_cat","embeddable":true,"href":"https:\/\/bnbzen.fr\/en\/wp-json\/wp\/v2\/product_cat?post=733"},{"taxonomy":"product_tag","embeddable":true,"href":"https:\/\/bnbzen.fr\/en\/wp-json\/wp\/v2\/product_tag?post=733"}],"curies":[{"name":"wp","href":"https:\/\/api.w.org\/{rel}","templated":true}]}}