{"id":6124,"date":"2025-07-27T20:46:47","date_gmt":"2025-07-27T18:46:47","guid":{"rendered":"https:\/\/room.bnbzen.fr\/product\/la-suite-jungle\/"},"modified":"2025-09-25T01:02:59","modified_gmt":"2025-09-24T23:02:59","slug":"la-suite-jungle","status":"publish","type":"product","link":"https:\/\/bnbzen.fr\/en\/product\/la-suite-jungle\/","title":{"rendered":"La suite Jungle"},"content":{"rendered":"<p>\u2728 Welcome to Jungle Spa, located in M\u00e9zy-sur-Seine, just 30 minutes from Paris. Our goal is to offer you a romantic and relaxing experience.<\/p>\n<p>Vous trouverez une baln\u00e9o spacieuse, un sauna, un lit king size, et une t\u00e9l\u00e9vision avec Netflix pour vos soir\u00e9es d\u00e9tente. Optez pour une d\u00e9coration personnalis\u00e9e avec des bougies et des p\u00e9tales de rose, et cr\u00e9ez l&rsquo;ambiance parfaite avec des lumi\u00e8res LED.<\/p>\n<p>Book now for a romantic getaway.<br \/>\n\u00c0 tr\u00e8s vite !<\/p>","protected":false},"excerpt":{"rendered":"<p>\u2728 Bienvenue chez Jungle Spa, situ\u00e9e \u00e0 M\u00e9zy-sur-Seine, \u00e0 30 minutes de Paris. Notre objectif est de vous offrir une exp\u00e9rience romantique et relaxante. Vous trouverez une baln\u00e9o spacieuse, un sauna, un lit king size, et une t\u00e9l\u00e9vision avec Netflix pour vos soir\u00e9es d\u00e9tente. Optez pour une d\u00e9coration personnalis\u00e9e avec des bougies et des p\u00e9tales de rose, et cr\u00e9ez l&rsquo;ambiance parfaite avec des lumi\u00e8res LED. R\u00e9servez d\u00e8s maintenant pour une escapade romantique. \u00c0 tr\u00e8s vite !<\/p>","protected":false},"featured_media":0,"comment_status":"open","ping_status":"closed","template":"","meta":{"_acf_changed":false,"_monsterinsights_skip_tracking":false,"_monsterinsights_sitenote_active":false,"_monsterinsights_sitenote_note":"","_monsterinsights_sitenote_category":0,"postBodyCss":"","postBodyMargin":[],"postBodyPadding":[],"postBodyBackground":{"backgroundType":"classic","gradient":""}},"product_brand":[],"product_cat":[20],"product_tag":[],"class_list":{"0":"post-6124","1":"product","2":"type-product","3":"status-publish","5":"product_cat-listeo-booking","7":"first","8":"instock","9":"downloadable","10":"virtual","11":"sold-individually","12":"purchasable","13":"product-type-listing_booking"},"acf":[],"yoast_head":"<!-- This site is optimized with the Yoast SEO plugin v27.2 - https:\/\/yoast.com\/product\/yoast-seo-wordpress\/ -->\n<title>La suite Jungle - Bnbzen<\/title>\n<meta name=\"robots\" content=\"index, follow, max-snippet:-1, max-image-preview:large, max-video-preview:-1\" \/>\n<link rel=\"canonical\" href=\"https:\/\/bnbzen.fr\/en\/product\/la-suite-jungle\/\" \/>\n<meta property=\"og:locale\" content=\"en_GB\" \/>\n<meta property=\"og:type\" content=\"article\" \/>\n<meta property=\"og:title\" content=\"La suite Jungle - Bnbzen\" \/>\n<meta property=\"og:description\" content=\"\u2728 Bienvenue chez Jungle Spa, situ\u00e9e \u00e0 M\u00e9zy-sur-Seine, \u00e0 30 minutes de Paris. Notre objectif est de vous offrir une exp\u00e9rience romantique et relaxante. Vous trouverez une baln\u00e9o spacieuse, un sauna, un lit king size, et une t\u00e9l\u00e9vision avec Netflix pour vos soir\u00e9es d\u00e9tente. Optez pour une d\u00e9coration personnalis\u00e9e avec des bougies et des p\u00e9tales de rose, et cr\u00e9ez l&rsquo;ambiance parfaite avec des lumi\u00e8res LED. R\u00e9servez d\u00e8s maintenant pour une escapade romantique. \u00c0 tr\u00e8s vite !\" \/>\n<meta property=\"og:url\" content=\"https:\/\/bnbzen.fr\/en\/product\/la-suite-jungle\/\" \/>\n<meta property=\"og:site_name\" content=\"Bnbzen\" \/>\n<meta property=\"article:modified_time\" content=\"2025-09-24T23:02:59+00:00\" \/>\n<meta property=\"og:image\" content=\"https:\/\/bnbzen.fr\/wp-content\/uploads\/2022\/11\/Logo-Bnbzen-.jpg\" \/>\n\t<meta property=\"og:image:width\" content=\"1024\" \/>\n\t<meta property=\"og:image:height\" content=\"1024\" \/>\n\t<meta property=\"og:image:type\" content=\"image\/jpeg\" \/>\n<meta name=\"twitter:card\" content=\"summary_large_image\" \/>\n<script type=\"application\/ld+json\" class=\"yoast-schema-graph\">{\"@context\":\"https:\/\/schema.org\",\"@graph\":[{\"@type\":\"WebPage\",\"@id\":\"https:\/\/bnbzen.fr\/produit\/la-suite-jungle\/\",\"url\":\"https:\/\/bnbzen.fr\/produit\/la-suite-jungle\/\",\"name\":\"La suite Jungle - Bnbzen\",\"isPartOf\":{\"@id\":\"https:\/\/bnbzen.fr\/#website\"},\"datePublished\":\"2025-07-27T18:46:47+00:00\",\"dateModified\":\"2025-09-24T23:02:59+00:00\",\"breadcrumb\":{\"@id\":\"https:\/\/bnbzen.fr\/produit\/la-suite-jungle\/#breadcrumb\"},\"inLanguage\":\"en-GB\",\"potentialAction\":[{\"@type\":\"ReadAction\",\"target\":[\"https:\/\/bnbzen.fr\/produit\/la-suite-jungle\/\"]}]},{\"@type\":\"BreadcrumbList\",\"@id\":\"https:\/\/bnbzen.fr\/produit\/la-suite-jungle\/#breadcrumb\",\"itemListElement\":[{\"@type\":\"ListItem\",\"position\":1,\"name\":\"Accueil\",\"item\":\"https:\/\/bnbzen.fr\/\"},{\"@type\":\"ListItem\",\"position\":2,\"name\":\"Shop\",\"item\":\"https:\/\/bnbzen.fr\/shop\/\"},{\"@type\":\"ListItem\",\"position\":3,\"name\":\"La suite Jungle\"}]},{\"@type\":\"WebSite\",\"@id\":\"https:\/\/bnbzen.fr\/#website\",\"url\":\"https:\/\/bnbzen.fr\/\",\"name\":\"Bnbzen\",\"description\":\"La 1\u00e8re plateforme de suites bien-\u00eatre, journ\u00e9e &amp; nuit\u00e9e.\",\"publisher\":{\"@id\":\"https:\/\/bnbzen.fr\/#organization\"},\"alternateName\":\"Bnbzen\",\"potentialAction\":[{\"@type\":\"SearchAction\",\"target\":{\"@type\":\"EntryPoint\",\"urlTemplate\":\"https:\/\/bnbzen.fr\/?s={search_term_string}\"},\"query-input\":{\"@type\":\"PropertyValueSpecification\",\"valueRequired\":true,\"valueName\":\"search_term_string\"}}],\"inLanguage\":\"en-GB\"},{\"@type\":\"Organization\",\"@id\":\"https:\/\/bnbzen.fr\/#organization\",\"name\":\"Bnbzen\",\"url\":\"https:\/\/bnbzen.fr\/\",\"logo\":{\"@type\":\"ImageObject\",\"inLanguage\":\"en-GB\",\"@id\":\"https:\/\/bnbzen.fr\/#\/schema\/logo\/image\/\",\"url\":\"https:\/\/bnbzen.fr\/wp-content\/uploads\/2025\/09\/cropped-ChatGPT-Image-1-sept.-2025-15_16_27-3.jpg\",\"contentUrl\":\"https:\/\/bnbzen.fr\/wp-content\/uploads\/2025\/09\/cropped-ChatGPT-Image-1-sept.-2025-15_16_27-3.jpg\",\"width\":512,\"height\":512,\"caption\":\"Bnbzen\"},\"image\":{\"@id\":\"https:\/\/bnbzen.fr\/#\/schema\/logo\/image\/\"}}]}<\/script>\n<!-- \/ Yoast SEO plugin. -->","yoast_head_json":{"title":"La suite Jungle - Bnbzen","robots":{"index":"index","follow":"follow","max-snippet":"max-snippet:-1","max-image-preview":"max-image-preview:large","max-video-preview":"max-video-preview:-1"},"canonical":"https:\/\/bnbzen.fr\/en\/product\/la-suite-jungle\/","og_locale":"en_GB","og_type":"article","og_title":"La suite Jungle - Bnbzen","og_description":"\u2728 Bienvenue chez Jungle Spa, situ\u00e9e \u00e0 M\u00e9zy-sur-Seine, \u00e0 30 minutes de Paris. Notre objectif est de vous offrir une exp\u00e9rience romantique et relaxante. Vous trouverez une baln\u00e9o spacieuse, un sauna, un lit king size, et une t\u00e9l\u00e9vision avec Netflix pour vos soir\u00e9es d\u00e9tente. Optez pour une d\u00e9coration personnalis\u00e9e avec des bougies et des p\u00e9tales de rose, et cr\u00e9ez l&rsquo;ambiance parfaite avec des lumi\u00e8res LED. R\u00e9servez d\u00e8s maintenant pour une escapade romantique. \u00c0 tr\u00e8s vite !","og_url":"https:\/\/bnbzen.fr\/en\/product\/la-suite-jungle\/","og_site_name":"Bnbzen","article_modified_time":"2025-09-24T23:02:59+00:00","og_image":[{"width":1024,"height":1024,"url":"https:\/\/bnbzen.fr\/wp-content\/uploads\/2022\/11\/Logo-Bnbzen-.jpg","type":"image\/jpeg"}],"twitter_card":"summary_large_image","schema":{"@context":"https:\/\/schema.org","@graph":[{"@type":"WebPage","@id":"https:\/\/bnbzen.fr\/produit\/la-suite-jungle\/","url":"https:\/\/bnbzen.fr\/produit\/la-suite-jungle\/","name":"La suite Jungle - Bnbzen","isPartOf":{"@id":"https:\/\/bnbzen.fr\/#website"},"datePublished":"2025-07-27T18:46:47+00:00","dateModified":"2025-09-24T23:02:59+00:00","breadcrumb":{"@id":"https:\/\/bnbzen.fr\/produit\/la-suite-jungle\/#breadcrumb"},"inLanguage":"en-GB","potentialAction":[{"@type":"ReadAction","target":["https:\/\/bnbzen.fr\/produit\/la-suite-jungle\/"]}]},{"@type":"BreadcrumbList","@id":"https:\/\/bnbzen.fr\/produit\/la-suite-jungle\/#breadcrumb","itemListElement":[{"@type":"ListItem","position":1,"name":"Accueil","item":"https:\/\/bnbzen.fr\/"},{"@type":"ListItem","position":2,"name":"Shop","item":"https:\/\/bnbzen.fr\/shop\/"},{"@type":"ListItem","position":3,"name":"La suite Jungle"}]},{"@type":"WebSite","@id":"https:\/\/bnbzen.fr\/#website","url":"https:\/\/bnbzen.fr\/","name":"Bnbzen","description":"La 1\u00e8re plateforme de suites bien-\u00eatre, journ\u00e9e &amp; nuit\u00e9e.","publisher":{"@id":"https:\/\/bnbzen.fr\/#organization"},"alternateName":"Bnbzen","potentialAction":[{"@type":"SearchAction","target":{"@type":"EntryPoint","urlTemplate":"https:\/\/bnbzen.fr\/?s={search_term_string}"},"query-input":{"@type":"PropertyValueSpecification","valueRequired":true,"valueName":"search_term_string"}}],"inLanguage":"en-GB"},{"@type":"Organization","@id":"https:\/\/bnbzen.fr\/#organization","name":"Bnbzen","url":"https:\/\/bnbzen.fr\/","logo":{"@type":"ImageObject","inLanguage":"en-GB","@id":"https:\/\/bnbzen.fr\/#\/schema\/logo\/image\/","url":"https:\/\/bnbzen.fr\/wp-content\/uploads\/2025\/09\/cropped-ChatGPT-Image-1-sept.-2025-15_16_27-3.jpg","contentUrl":"https:\/\/bnbzen.fr\/wp-content\/uploads\/2025\/09\/cropped-ChatGPT-Image-1-sept.-2025-15_16_27-3.jpg","width":512,"height":512,"caption":"Bnbzen"},"image":{"@id":"https:\/\/bnbzen.fr\/#\/schema\/logo\/image\/"}}]}},"_links":{"self":[{"href":"https:\/\/bnbzen.fr\/en\/wp-json\/wp\/v2\/product\/6124","targetHints":{"allow":["GET"]}}],"collection":[{"href":"https:\/\/bnbzen.fr\/en\/wp-json\/wp\/v2\/product"}],"about":[{"href":"https:\/\/bnbzen.fr\/en\/wp-json\/wp\/v2\/types\/product"}],"replies":[{"embeddable":true,"href":"https:\/\/bnbzen.fr\/en\/wp-json\/wp\/v2\/comments?post=6124"}],"wp:attachment":[{"href":"https:\/\/bnbzen.fr\/en\/wp-json\/wp\/v2\/media?parent=6124"}],"wp:term":[{"taxonomy":"product_brand","embeddable":true,"href":"https:\/\/bnbzen.fr\/en\/wp-json\/wp\/v2\/product_brand?post=6124"},{"taxonomy":"product_cat","embeddable":true,"href":"https:\/\/bnbzen.fr\/en\/wp-json\/wp\/v2\/product_cat?post=6124"},{"taxonomy":"product_tag","embeddable":true,"href":"https:\/\/bnbzen.fr\/en\/wp-json\/wp\/v2\/product_tag?post=6124"}],"curies":[{"name":"wp","href":"https:\/\/api.w.org\/{rel}","templated":true}]}}