{"id":5785,"date":"2025-07-25T19:51:58","date_gmt":"2025-07-25T17:51:58","guid":{"rendered":"https:\/\/room.bnbzen.fr\/product\/la-suite-emeraude\/"},"modified":"2025-09-05T16:56:29","modified_gmt":"2025-09-05T14:56:29","slug":"la-suite-emeraude","status":"publish","type":"product","link":"https:\/\/bnbzen.fr\/en\/product\/la-suite-emeraude\/","title":{"rendered":"La suite Chill"},"content":{"rendered":"<p>\u2728 Admire the unique details of this romantic retreat, designed to create unforgettable memories \u2014 whether as a couple, with friends, or family. This warm and welcoming space offers an intimate, refined atmosphere with a full private wellness area: an 82-jet jacuzzi with waterfall and chromotherapy, a traditional sauna, a steam hammam, a hydromassage shower, and a double vanity with storage.<\/p>\n<p>When it\u2019s time to unwind under the covers, a private home cinema awaits you, featuring an electric king-size bed (160\u00d7200) with adjustable head and foot rests, a high-quality projector, and a 5.1 surround sound system for an experience worthy of the finest movie theaters.<\/p>","protected":false},"excerpt":{"rendered":"<p>\u2728 Admirez les d\u00e9tails uniques de ce logement romantique, pens\u00e9 pour cr\u00e9er des souvenirs m\u00e9morables, que ce soit en couple, entre amis ou en famille. Ce lieu chaleureux vous accueille dans une ambiance intimiste et raffin\u00e9e, avec un espace bien-\u00eatre complet : un jacuzzi 82 jets avec cascade et luminoth\u00e9rapie, un sauna traditionnel, un hammam, une douche hydromassante, et un double vasque avec meuble de rangement. Lorsque le moment est venu de se d\u00e9tendre sous la couette, un espace cin\u00e9ma priv\u00e9 vous attend, avec un lit king size \u00e9lectrique (160&#215;200) aux t\u00eati\u00e8res et repose-jambes r\u00e9glables, un vid\u00e9oprojecteur de qualit\u00e9 et un home cin\u00e9ma 5.1 pour une exp\u00e9rience digne des plus belles salles obscures.<\/p>","protected":false},"featured_media":0,"comment_status":"open","ping_status":"closed","template":"","meta":{"_acf_changed":false,"_monsterinsights_skip_tracking":false,"_monsterinsights_sitenote_active":false,"_monsterinsights_sitenote_note":"","_monsterinsights_sitenote_category":0,"postBodyCss":"","postBodyMargin":[],"postBodyPadding":[],"postBodyBackground":{"backgroundType":"classic","gradient":""}},"product_brand":[],"product_cat":[20],"product_tag":[],"class_list":{"0":"post-5785","1":"product","2":"type-product","3":"status-publish","5":"product_cat-listeo-booking","7":"first","8":"instock","9":"downloadable","10":"virtual","11":"sold-individually","12":"purchasable","13":"product-type-listing_booking"},"acf":[],"yoast_head":"<!-- This site is optimized with the Yoast SEO plugin v27.2 - https:\/\/yoast.com\/product\/yoast-seo-wordpress\/ -->\n<title>La suite Chill - Bnbzen<\/title>\n<meta name=\"robots\" content=\"index, follow, max-snippet:-1, max-image-preview:large, max-video-preview:-1\" \/>\n<link rel=\"canonical\" href=\"https:\/\/bnbzen.fr\/en\/product\/la-suite-emeraude\/\" \/>\n<meta property=\"og:locale\" content=\"en_GB\" \/>\n<meta property=\"og:type\" content=\"article\" \/>\n<meta property=\"og:title\" content=\"La suite Chill - Bnbzen\" \/>\n<meta property=\"og:description\" content=\"\u2728 Admirez les d\u00e9tails uniques de ce logement romantique, pens\u00e9 pour cr\u00e9er des souvenirs m\u00e9morables, que ce soit en couple, entre amis ou en famille. Ce lieu chaleureux vous accueille dans une ambiance intimiste et raffin\u00e9e, avec un espace bien-\u00eatre complet : un jacuzzi 82 jets avec cascade et luminoth\u00e9rapie, un sauna traditionnel, un hammam, une douche hydromassante, et un double vasque avec meuble de rangement. Lorsque le moment est venu de se d\u00e9tendre sous la couette, un espace cin\u00e9ma priv\u00e9 vous attend, avec un lit king size \u00e9lectrique (160&#215;200) aux t\u00eati\u00e8res et repose-jambes r\u00e9glables, un vid\u00e9oprojecteur de qualit\u00e9 et un home cin\u00e9ma 5.1 pour une exp\u00e9rience digne des plus belles salles obscures.\" \/>\n<meta property=\"og:url\" content=\"https:\/\/bnbzen.fr\/en\/product\/la-suite-emeraude\/\" \/>\n<meta property=\"og:site_name\" content=\"Bnbzen\" \/>\n<meta property=\"article:modified_time\" content=\"2025-09-05T14:56:29+00:00\" \/>\n<meta property=\"og:image\" content=\"https:\/\/bnbzen.fr\/wp-content\/uploads\/2022\/11\/Logo-Bnbzen-.jpg\" \/>\n\t<meta property=\"og:image:width\" content=\"1024\" \/>\n\t<meta property=\"og:image:height\" content=\"1024\" \/>\n\t<meta property=\"og:image:type\" content=\"image\/jpeg\" \/>\n<meta name=\"twitter:card\" content=\"summary_large_image\" \/>\n<meta name=\"twitter:label1\" content=\"Estimated reading time\" \/>\n\t<meta name=\"twitter:data1\" content=\"1 minute\" \/>\n<script type=\"application\/ld+json\" class=\"yoast-schema-graph\">{\"@context\":\"https:\/\/schema.org\",\"@graph\":[{\"@type\":\"WebPage\",\"@id\":\"https:\/\/bnbzen.fr\/produit\/la-suite-emeraude\/\",\"url\":\"https:\/\/bnbzen.fr\/produit\/la-suite-emeraude\/\",\"name\":\"La suite Chill - Bnbzen\",\"isPartOf\":{\"@id\":\"https:\/\/bnbzen.fr\/#website\"},\"datePublished\":\"2025-07-25T17:51:58+00:00\",\"dateModified\":\"2025-09-05T14:56:29+00:00\",\"breadcrumb\":{\"@id\":\"https:\/\/bnbzen.fr\/produit\/la-suite-emeraude\/#breadcrumb\"},\"inLanguage\":\"en-GB\",\"potentialAction\":[{\"@type\":\"ReadAction\",\"target\":[\"https:\/\/bnbzen.fr\/produit\/la-suite-emeraude\/\"]}]},{\"@type\":\"BreadcrumbList\",\"@id\":\"https:\/\/bnbzen.fr\/produit\/la-suite-emeraude\/#breadcrumb\",\"itemListElement\":[{\"@type\":\"ListItem\",\"position\":1,\"name\":\"Accueil\",\"item\":\"https:\/\/bnbzen.fr\/\"},{\"@type\":\"ListItem\",\"position\":2,\"name\":\"Shop\",\"item\":\"https:\/\/bnbzen.fr\/shop\/\"},{\"@type\":\"ListItem\",\"position\":3,\"name\":\"La suite Chill\"}]},{\"@type\":\"WebSite\",\"@id\":\"https:\/\/bnbzen.fr\/#website\",\"url\":\"https:\/\/bnbzen.fr\/\",\"name\":\"Bnbzen\",\"description\":\"La 1\u00e8re plateforme de suites bien-\u00eatre, journ\u00e9e &amp; nuit\u00e9e.\",\"publisher\":{\"@id\":\"https:\/\/bnbzen.fr\/#organization\"},\"alternateName\":\"Bnbzen\",\"potentialAction\":[{\"@type\":\"SearchAction\",\"target\":{\"@type\":\"EntryPoint\",\"urlTemplate\":\"https:\/\/bnbzen.fr\/?s={search_term_string}\"},\"query-input\":{\"@type\":\"PropertyValueSpecification\",\"valueRequired\":true,\"valueName\":\"search_term_string\"}}],\"inLanguage\":\"en-GB\"},{\"@type\":\"Organization\",\"@id\":\"https:\/\/bnbzen.fr\/#organization\",\"name\":\"Bnbzen\",\"url\":\"https:\/\/bnbzen.fr\/\",\"logo\":{\"@type\":\"ImageObject\",\"inLanguage\":\"en-GB\",\"@id\":\"https:\/\/bnbzen.fr\/#\/schema\/logo\/image\/\",\"url\":\"https:\/\/bnbzen.fr\/wp-content\/uploads\/2025\/09\/cropped-ChatGPT-Image-1-sept.-2025-15_16_27-3.jpg\",\"contentUrl\":\"https:\/\/bnbzen.fr\/wp-content\/uploads\/2025\/09\/cropped-ChatGPT-Image-1-sept.-2025-15_16_27-3.jpg\",\"width\":512,\"height\":512,\"caption\":\"Bnbzen\"},\"image\":{\"@id\":\"https:\/\/bnbzen.fr\/#\/schema\/logo\/image\/\"}}]}<\/script>\n<!-- \/ Yoast SEO plugin. -->","yoast_head_json":{"title":"La suite Chill - Bnbzen","robots":{"index":"index","follow":"follow","max-snippet":"max-snippet:-1","max-image-preview":"max-image-preview:large","max-video-preview":"max-video-preview:-1"},"canonical":"https:\/\/bnbzen.fr\/en\/product\/la-suite-emeraude\/","og_locale":"en_GB","og_type":"article","og_title":"La suite Chill - Bnbzen","og_description":"\u2728 Admirez les d\u00e9tails uniques de ce logement romantique, pens\u00e9 pour cr\u00e9er des souvenirs m\u00e9morables, que ce soit en couple, entre amis ou en famille. Ce lieu chaleureux vous accueille dans une ambiance intimiste et raffin\u00e9e, avec un espace bien-\u00eatre complet : un jacuzzi 82 jets avec cascade et luminoth\u00e9rapie, un sauna traditionnel, un hammam, une douche hydromassante, et un double vasque avec meuble de rangement. Lorsque le moment est venu de se d\u00e9tendre sous la couette, un espace cin\u00e9ma priv\u00e9 vous attend, avec un lit king size \u00e9lectrique (160&#215;200) aux t\u00eati\u00e8res et repose-jambes r\u00e9glables, un vid\u00e9oprojecteur de qualit\u00e9 et un home cin\u00e9ma 5.1 pour une exp\u00e9rience digne des plus belles salles obscures.","og_url":"https:\/\/bnbzen.fr\/en\/product\/la-suite-emeraude\/","og_site_name":"Bnbzen","article_modified_time":"2025-09-05T14:56:29+00:00","og_image":[{"width":1024,"height":1024,"url":"https:\/\/bnbzen.fr\/wp-content\/uploads\/2022\/11\/Logo-Bnbzen-.jpg","type":"image\/jpeg"}],"twitter_card":"summary_large_image","twitter_misc":{"Estimated reading time":"1 minute"},"schema":{"@context":"https:\/\/schema.org","@graph":[{"@type":"WebPage","@id":"https:\/\/bnbzen.fr\/produit\/la-suite-emeraude\/","url":"https:\/\/bnbzen.fr\/produit\/la-suite-emeraude\/","name":"La suite Chill - Bnbzen","isPartOf":{"@id":"https:\/\/bnbzen.fr\/#website"},"datePublished":"2025-07-25T17:51:58+00:00","dateModified":"2025-09-05T14:56:29+00:00","breadcrumb":{"@id":"https:\/\/bnbzen.fr\/produit\/la-suite-emeraude\/#breadcrumb"},"inLanguage":"en-GB","potentialAction":[{"@type":"ReadAction","target":["https:\/\/bnbzen.fr\/produit\/la-suite-emeraude\/"]}]},{"@type":"BreadcrumbList","@id":"https:\/\/bnbzen.fr\/produit\/la-suite-emeraude\/#breadcrumb","itemListElement":[{"@type":"ListItem","position":1,"name":"Accueil","item":"https:\/\/bnbzen.fr\/"},{"@type":"ListItem","position":2,"name":"Shop","item":"https:\/\/bnbzen.fr\/shop\/"},{"@type":"ListItem","position":3,"name":"La suite Chill"}]},{"@type":"WebSite","@id":"https:\/\/bnbzen.fr\/#website","url":"https:\/\/bnbzen.fr\/","name":"Bnbzen","description":"La 1\u00e8re plateforme de suites bien-\u00eatre, journ\u00e9e &amp; nuit\u00e9e.","publisher":{"@id":"https:\/\/bnbzen.fr\/#organization"},"alternateName":"Bnbzen","potentialAction":[{"@type":"SearchAction","target":{"@type":"EntryPoint","urlTemplate":"https:\/\/bnbzen.fr\/?s={search_term_string}"},"query-input":{"@type":"PropertyValueSpecification","valueRequired":true,"valueName":"search_term_string"}}],"inLanguage":"en-GB"},{"@type":"Organization","@id":"https:\/\/bnbzen.fr\/#organization","name":"Bnbzen","url":"https:\/\/bnbzen.fr\/","logo":{"@type":"ImageObject","inLanguage":"en-GB","@id":"https:\/\/bnbzen.fr\/#\/schema\/logo\/image\/","url":"https:\/\/bnbzen.fr\/wp-content\/uploads\/2025\/09\/cropped-ChatGPT-Image-1-sept.-2025-15_16_27-3.jpg","contentUrl":"https:\/\/bnbzen.fr\/wp-content\/uploads\/2025\/09\/cropped-ChatGPT-Image-1-sept.-2025-15_16_27-3.jpg","width":512,"height":512,"caption":"Bnbzen"},"image":{"@id":"https:\/\/bnbzen.fr\/#\/schema\/logo\/image\/"}}]}},"_links":{"self":[{"href":"https:\/\/bnbzen.fr\/en\/wp-json\/wp\/v2\/product\/5785","targetHints":{"allow":["GET"]}}],"collection":[{"href":"https:\/\/bnbzen.fr\/en\/wp-json\/wp\/v2\/product"}],"about":[{"href":"https:\/\/bnbzen.fr\/en\/wp-json\/wp\/v2\/types\/product"}],"replies":[{"embeddable":true,"href":"https:\/\/bnbzen.fr\/en\/wp-json\/wp\/v2\/comments?post=5785"}],"wp:attachment":[{"href":"https:\/\/bnbzen.fr\/en\/wp-json\/wp\/v2\/media?parent=5785"}],"wp:term":[{"taxonomy":"product_brand","embeddable":true,"href":"https:\/\/bnbzen.fr\/en\/wp-json\/wp\/v2\/product_brand?post=5785"},{"taxonomy":"product_cat","embeddable":true,"href":"https:\/\/bnbzen.fr\/en\/wp-json\/wp\/v2\/product_cat?post=5785"},{"taxonomy":"product_tag","embeddable":true,"href":"https:\/\/bnbzen.fr\/en\/wp-json\/wp\/v2\/product_tag?post=5785"}],"curies":[{"name":"wp","href":"https:\/\/api.w.org\/{rel}","templated":true}]}}