{"id":310,"date":"2025-04-24T16:46:05","date_gmt":"2025-04-24T16:46:05","guid":{"rendered":"http:\/\/bnbzen-yes.local\/product\/burger-house-4\/"},"modified":"2025-04-24T16:46:05","modified_gmt":"2025-04-24T16:46:05","slug":"burger-house-4","status":"publish","type":"product","link":"https:\/\/bnbzen.fr\/en\/product\/burger-house-4\/","title":{"rendered":"Burger House"},"content":{"rendered":"<p>Ut euismod ultricies sollicitudin. Curabitur sed dapibus nulla. Nulla eget iaculis lectus. Mauris ac maximus neque. Nam in mauris quis libero sodales eleifend. Morbi varius, nulla sit amet rutrum elementum, est elit finibus tellus, ut tristique elit risus at metus.<\/p>\n<p>Lorem ipsum dolor sit amet, consectetur adipiscing elit. Maecenas in pulvinar neque. Nulla finibus lobortis pulvinar. Donec a consectetur nulla. Nulla posuere sapien vitae lectus suscipit, et pulvinar nisi tincidunt. Aliquam erat volutpat. Curabitur convallis fringilla diam sed aliquam. Sed tempor iaculis massa faucibus feugiat. In fermentum facilisis massa, a consequat purus viverra.<\/p>","protected":false},"excerpt":{"rendered":"<p>Ut euismod ultricies sollicitudin. Curabitur sed dapibus nulla. Nulla eget iaculis lectus. Mauris ac maximus neque. Nam in mauris quis libero sodales eleifend. Morbi varius, nulla sit amet rutrum elementum, est elit finibus tellus, ut tristique elit risus at metus. Lorem ipsum dolor sit amet, consectetur adipiscing elit. Maecenas in pulvinar neque. Nulla finibus lobortis pulvinar. Donec a consectetur nulla. Nulla posuere sapien vitae lectus suscipit, et pulvinar nisi tincidunt. Aliquam erat volutpat. Curabitur convallis fringilla diam sed aliquam. Sed tempor iaculis massa faucibus feugiat. In fermentum facilisis massa, a consequat purus viverra.<\/p>","protected":false},"featured_media":0,"comment_status":"open","ping_status":"closed","template":"","meta":{"_acf_changed":false,"_monsterinsights_skip_tracking":false,"_monsterinsights_sitenote_active":false,"_monsterinsights_sitenote_note":"","_monsterinsights_sitenote_category":0,"postBodyCss":"","postBodyMargin":[],"postBodyPadding":[],"postBodyBackground":{"backgroundType":"classic","gradient":""}},"product_brand":[],"product_cat":[20],"product_tag":[],"class_list":{"0":"post-310","1":"product","2":"type-product","3":"status-publish","5":"product_cat-listeo-booking","7":"first","8":"instock","9":"downloadable","10":"virtual","11":"sold-individually","12":"purchasable","13":"product-type-listing_booking"},"acf":[],"yoast_head":"<!-- This site is optimized with the Yoast SEO plugin v27.2 - https:\/\/yoast.com\/product\/yoast-seo-wordpress\/ -->\n<title>Burger House - Bnbzen<\/title>\n<meta name=\"robots\" content=\"index, follow, max-snippet:-1, max-image-preview:large, max-video-preview:-1\" \/>\n<link rel=\"canonical\" href=\"https:\/\/bnbzen.fr\/en\/product\/burger-house-4\/\" \/>\n<meta property=\"og:locale\" content=\"en_GB\" \/>\n<meta property=\"og:type\" content=\"article\" \/>\n<meta property=\"og:title\" content=\"Burger House - Bnbzen\" \/>\n<meta property=\"og:description\" content=\"Ut euismod ultricies sollicitudin. Curabitur sed dapibus nulla. Nulla eget iaculis lectus. Mauris ac maximus neque. Nam in mauris quis libero sodales eleifend. Morbi varius, nulla sit amet rutrum elementum, est elit finibus tellus, ut tristique elit risus at metus. Lorem ipsum dolor sit amet, consectetur adipiscing elit. Maecenas in pulvinar neque. Nulla finibus lobortis pulvinar. Donec a consectetur nulla. Nulla posuere sapien vitae lectus suscipit, et pulvinar nisi tincidunt. Aliquam erat volutpat. Curabitur convallis fringilla diam sed aliquam. Sed tempor iaculis massa faucibus feugiat. In fermentum facilisis massa, a consequat purus viverra.\" \/>\n<meta property=\"og:url\" content=\"https:\/\/bnbzen.fr\/en\/product\/burger-house-4\/\" \/>\n<meta property=\"og:site_name\" content=\"Bnbzen\" \/>\n<meta property=\"og:image\" content=\"https:\/\/bnbzen.fr\/wp-content\/uploads\/2022\/11\/Logo-Bnbzen-.jpg\" \/>\n\t<meta property=\"og:image:width\" content=\"1024\" \/>\n\t<meta property=\"og:image:height\" content=\"1024\" \/>\n\t<meta property=\"og:image:type\" content=\"image\/jpeg\" \/>\n<meta name=\"twitter:card\" content=\"summary_large_image\" \/>\n<script type=\"application\/ld+json\" class=\"yoast-schema-graph\">{\"@context\":\"https:\/\/schema.org\",\"@graph\":[{\"@type\":\"WebPage\",\"@id\":\"https:\/\/bnbzen.fr\/en\/product\/burger-house-4\/\",\"url\":\"https:\/\/bnbzen.fr\/en\/product\/burger-house-4\/\",\"name\":\"Burger House - Bnbzen\",\"isPartOf\":{\"@id\":\"https:\/\/bnbzen.fr\/#website\"},\"datePublished\":\"2025-04-24T16:46:05+00:00\",\"breadcrumb\":{\"@id\":\"https:\/\/bnbzen.fr\/en\/product\/burger-house-4\/#breadcrumb\"},\"inLanguage\":\"en-GB\",\"potentialAction\":[{\"@type\":\"ReadAction\",\"target\":[\"https:\/\/bnbzen.fr\/en\/product\/burger-house-4\/\"]}]},{\"@type\":\"BreadcrumbList\",\"@id\":\"https:\/\/bnbzen.fr\/en\/product\/burger-house-4\/#breadcrumb\",\"itemListElement\":[{\"@type\":\"ListItem\",\"position\":1,\"name\":\"Accueil\",\"item\":\"https:\/\/bnbzen.fr\/\"},{\"@type\":\"ListItem\",\"position\":2,\"name\":\"Shop\",\"item\":\"https:\/\/bnbzen.fr\/shop\/\"},{\"@type\":\"ListItem\",\"position\":3,\"name\":\"Burger House\"}]},{\"@type\":\"WebSite\",\"@id\":\"https:\/\/bnbzen.fr\/#website\",\"url\":\"https:\/\/bnbzen.fr\/\",\"name\":\"Bnbzen\",\"description\":\"La 1\u00e8re plateforme de suites bien-\u00eatre, journ\u00e9e &amp; nuit\u00e9e.\",\"publisher\":{\"@id\":\"https:\/\/bnbzen.fr\/#organization\"},\"alternateName\":\"Bnbzen\",\"potentialAction\":[{\"@type\":\"SearchAction\",\"target\":{\"@type\":\"EntryPoint\",\"urlTemplate\":\"https:\/\/bnbzen.fr\/?s={search_term_string}\"},\"query-input\":{\"@type\":\"PropertyValueSpecification\",\"valueRequired\":true,\"valueName\":\"search_term_string\"}}],\"inLanguage\":\"en-GB\"},{\"@type\":\"Organization\",\"@id\":\"https:\/\/bnbzen.fr\/#organization\",\"name\":\"Bnbzen\",\"url\":\"https:\/\/bnbzen.fr\/\",\"logo\":{\"@type\":\"ImageObject\",\"inLanguage\":\"en-GB\",\"@id\":\"https:\/\/bnbzen.fr\/#\/schema\/logo\/image\/\",\"url\":\"https:\/\/bnbzen.fr\/wp-content\/uploads\/2025\/09\/cropped-ChatGPT-Image-1-sept.-2025-15_16_27-3.jpg\",\"contentUrl\":\"https:\/\/bnbzen.fr\/wp-content\/uploads\/2025\/09\/cropped-ChatGPT-Image-1-sept.-2025-15_16_27-3.jpg\",\"width\":512,\"height\":512,\"caption\":\"Bnbzen\"},\"image\":{\"@id\":\"https:\/\/bnbzen.fr\/#\/schema\/logo\/image\/\"}}]}<\/script>\n<!-- \/ Yoast SEO plugin. -->","yoast_head_json":{"title":"Burger House - Bnbzen","robots":{"index":"index","follow":"follow","max-snippet":"max-snippet:-1","max-image-preview":"max-image-preview:large","max-video-preview":"max-video-preview:-1"},"canonical":"https:\/\/bnbzen.fr\/en\/product\/burger-house-4\/","og_locale":"en_GB","og_type":"article","og_title":"Burger House - Bnbzen","og_description":"Ut euismod ultricies sollicitudin. Curabitur sed dapibus nulla. Nulla eget iaculis lectus. Mauris ac maximus neque. Nam in mauris quis libero sodales eleifend. Morbi varius, nulla sit amet rutrum elementum, est elit finibus tellus, ut tristique elit risus at metus. Lorem ipsum dolor sit amet, consectetur adipiscing elit. Maecenas in pulvinar neque. Nulla finibus lobortis pulvinar. Donec a consectetur nulla. Nulla posuere sapien vitae lectus suscipit, et pulvinar nisi tincidunt. Aliquam erat volutpat. Curabitur convallis fringilla diam sed aliquam. Sed tempor iaculis massa faucibus feugiat. In fermentum facilisis massa, a consequat purus viverra.","og_url":"https:\/\/bnbzen.fr\/en\/product\/burger-house-4\/","og_site_name":"Bnbzen","og_image":[{"width":1024,"height":1024,"url":"https:\/\/bnbzen.fr\/wp-content\/uploads\/2022\/11\/Logo-Bnbzen-.jpg","type":"image\/jpeg"}],"twitter_card":"summary_large_image","schema":{"@context":"https:\/\/schema.org","@graph":[{"@type":"WebPage","@id":"https:\/\/bnbzen.fr\/en\/product\/burger-house-4\/","url":"https:\/\/bnbzen.fr\/en\/product\/burger-house-4\/","name":"Burger House - Bnbzen","isPartOf":{"@id":"https:\/\/bnbzen.fr\/#website"},"datePublished":"2025-04-24T16:46:05+00:00","breadcrumb":{"@id":"https:\/\/bnbzen.fr\/en\/product\/burger-house-4\/#breadcrumb"},"inLanguage":"en-GB","potentialAction":[{"@type":"ReadAction","target":["https:\/\/bnbzen.fr\/en\/product\/burger-house-4\/"]}]},{"@type":"BreadcrumbList","@id":"https:\/\/bnbzen.fr\/en\/product\/burger-house-4\/#breadcrumb","itemListElement":[{"@type":"ListItem","position":1,"name":"Accueil","item":"https:\/\/bnbzen.fr\/"},{"@type":"ListItem","position":2,"name":"Shop","item":"https:\/\/bnbzen.fr\/shop\/"},{"@type":"ListItem","position":3,"name":"Burger House"}]},{"@type":"WebSite","@id":"https:\/\/bnbzen.fr\/#website","url":"https:\/\/bnbzen.fr\/","name":"Bnbzen","description":"La 1\u00e8re plateforme de suites bien-\u00eatre, journ\u00e9e &amp; nuit\u00e9e.","publisher":{"@id":"https:\/\/bnbzen.fr\/#organization"},"alternateName":"Bnbzen","potentialAction":[{"@type":"SearchAction","target":{"@type":"EntryPoint","urlTemplate":"https:\/\/bnbzen.fr\/?s={search_term_string}"},"query-input":{"@type":"PropertyValueSpecification","valueRequired":true,"valueName":"search_term_string"}}],"inLanguage":"en-GB"},{"@type":"Organization","@id":"https:\/\/bnbzen.fr\/#organization","name":"Bnbzen","url":"https:\/\/bnbzen.fr\/","logo":{"@type":"ImageObject","inLanguage":"en-GB","@id":"https:\/\/bnbzen.fr\/#\/schema\/logo\/image\/","url":"https:\/\/bnbzen.fr\/wp-content\/uploads\/2025\/09\/cropped-ChatGPT-Image-1-sept.-2025-15_16_27-3.jpg","contentUrl":"https:\/\/bnbzen.fr\/wp-content\/uploads\/2025\/09\/cropped-ChatGPT-Image-1-sept.-2025-15_16_27-3.jpg","width":512,"height":512,"caption":"Bnbzen"},"image":{"@id":"https:\/\/bnbzen.fr\/#\/schema\/logo\/image\/"}}]}},"_links":{"self":[{"href":"https:\/\/bnbzen.fr\/en\/wp-json\/wp\/v2\/product\/310","targetHints":{"allow":["GET"]}}],"collection":[{"href":"https:\/\/bnbzen.fr\/en\/wp-json\/wp\/v2\/product"}],"about":[{"href":"https:\/\/bnbzen.fr\/en\/wp-json\/wp\/v2\/types\/product"}],"replies":[{"embeddable":true,"href":"https:\/\/bnbzen.fr\/en\/wp-json\/wp\/v2\/comments?post=310"}],"wp:attachment":[{"href":"https:\/\/bnbzen.fr\/en\/wp-json\/wp\/v2\/media?parent=310"}],"wp:term":[{"taxonomy":"product_brand","embeddable":true,"href":"https:\/\/bnbzen.fr\/en\/wp-json\/wp\/v2\/product_brand?post=310"},{"taxonomy":"product_cat","embeddable":true,"href":"https:\/\/bnbzen.fr\/en\/wp-json\/wp\/v2\/product_cat?post=310"},{"taxonomy":"product_tag","embeddable":true,"href":"https:\/\/bnbzen.fr\/en\/wp-json\/wp\/v2\/product_tag?post=310"}],"curies":[{"name":"wp","href":"https:\/\/api.w.org\/{rel}","templated":true}]}}