{"id":24961,"date":"2025-12-29T10:48:37","date_gmt":"2025-12-29T09:48:37","guid":{"rendered":"https:\/\/bnbzen.fr\/produit\/brouillon-auto-24\/"},"modified":"2026-01-24T16:33:30","modified_gmt":"2026-01-24T15:33:30","slug":"brouillon-auto-24","status":"publish","type":"product","link":"https:\/\/bnbzen.fr\/en\/product\/brouillon-auto-24\/","title":{"rendered":"La suite Diamant"},"content":{"rendered":"<p>\u2728 <strong>Offrez-vous un s\u00e9jour de d\u00e9tente absolue dans la suite Diamant<\/strong>, un appartement de 55m\u00b2 o\u00f9 luxe et bien-\u00eatre se rencontrent, \u00e0 seulement 15 minutes de Paris via l\u2019A15.<\/p>\n\n\n\n<p>Plongez dans un univers cosy et raffin\u00e9, avec un coin chambre confortable face \u00e0 la chemin\u00e9e, cr\u00e9ant une atmosph\u00e8re intime et chaleureuse id\u00e9ale pour les couples. Profitez \u00e9galement de votre sauna traditionnel norv\u00e9gien et d\u2019un jacuzzi baln\u00e9o privatif pour des moments de relaxation totale.<\/p>\n\n\n\n<p>La suite dispose d\u2019une cuisine moderne et enti\u00e8rement \u00e9quip\u00e9e, parfaite pour pr\u00e9parer vos repas en toute libert\u00e9, ainsi qu\u2019un jardin privatif de 20m\u00b2 o\u00f9 vous pourrez savourer l\u2019air frais en toute tranquillit\u00e9. Le fumoir chauff\u00e9 vous permettra de profiter du plein air m\u00eame par temps frais.<\/p>\n\n\n\n<p>Un parking priv\u00e9 est \u00e9galement \u00e0 votre disposition pour un s\u00e9jour en toute s\u00e9r\u00e9nit\u00e9.<\/p>\n\n\n\n<p>\u00c0 votre arriv\u00e9e, une personne sera pr\u00e9sente pour vous accueillir, effectuer l\u2019\u00e9tat des lieux et vous remettre les cl\u00e9s, pour que votre s\u00e9jour soit sans tracas.<\/p>\n\n\n\n<p>Ce cadre calme et \u00e9l\u00e9gant, avec tous les \u00e9quipements n\u00e9cessaires, est l\u2019endroit parfait pour une escapade romantique, un moment de bien-\u00eatre ou un s\u00e9jour relaxant.<\/p>","protected":false},"excerpt":{"rendered":"<p>\u2728 Offrez-vous un s\u00e9jour de d\u00e9tente absolue dans la suite Diamant, un appartement de 55m\u00b2 o\u00f9 luxe et bien-\u00eatre se rencontrent, \u00e0 seulement 15 minutes de Paris via l\u2019A15. Plongez dans un univers cosy et raffin\u00e9, avec un coin chambre confortable face \u00e0 la chemin\u00e9e, cr\u00e9ant une atmosph\u00e8re intime et chaleureuse id\u00e9ale pour les couples. Profitez \u00e9galement de votre sauna traditionnel norv\u00e9gien et d\u2019un jacuzzi baln\u00e9o privatif pour des moments de relaxation totale. La suite dispose d\u2019une cuisine moderne et enti\u00e8rement \u00e9quip\u00e9e, parfaite pour pr\u00e9parer vos repas en toute libert\u00e9, ainsi qu\u2019un jardin privatif de 20m\u00b2 o\u00f9 vous pourrez savourer l\u2019air frais en toute tranquillit\u00e9. Le fumoir chauff\u00e9 vous permettra de profiter du plein air m\u00eame par temps frais. Un parking priv\u00e9 est \u00e9galement \u00e0 votre disposition pour un s\u00e9jour en toute s\u00e9r\u00e9nit\u00e9. \u00c0 votre arriv\u00e9e, une personne sera pr\u00e9sente pour vous accueillir, effectuer l\u2019\u00e9tat des lieux et vous remettre les cl\u00e9s, pour que votre s\u00e9jour soit sans tracas. Ce cadre calme et \u00e9l\u00e9gant, avec tous les \u00e9quipements n\u00e9cessaires, est l\u2019endroit parfait pour une escapade romantique, un moment de bien-\u00eatre ou un s\u00e9jour relaxant.<\/p>","protected":false},"featured_media":0,"comment_status":"open","ping_status":"closed","template":"","meta":{"_acf_changed":false,"_monsterinsights_skip_tracking":false,"_monsterinsights_sitenote_active":false,"_monsterinsights_sitenote_note":"","_monsterinsights_sitenote_category":0,"postBodyCss":"","postBodyMargin":[],"postBodyPadding":[],"postBodyBackground":{"backgroundType":"classic","gradient":""}},"product_brand":[],"product_cat":[20],"product_tag":[],"class_list":{"0":"post-24961","1":"product","2":"type-product","3":"status-publish","5":"product_cat-listeo-booking","7":"first","8":"instock","9":"downloadable","10":"virtual","11":"sold-individually","12":"purchasable","13":"product-type-listing_booking"},"acf":[],"yoast_head":"<!-- This site is optimized with the Yoast SEO plugin v27.2 - https:\/\/yoast.com\/product\/yoast-seo-wordpress\/ -->\n<title>La suite Diamant - Bnbzen<\/title>\n<meta name=\"robots\" content=\"index, follow, max-snippet:-1, max-image-preview:large, max-video-preview:-1\" \/>\n<link rel=\"canonical\" href=\"https:\/\/bnbzen.fr\/en\/product\/brouillon-auto-24\/\" \/>\n<meta property=\"og:locale\" content=\"en_GB\" \/>\n<meta property=\"og:type\" content=\"article\" \/>\n<meta property=\"og:title\" content=\"La suite Diamant - Bnbzen\" \/>\n<meta property=\"og:description\" content=\"\u2728 Offrez-vous un s\u00e9jour de d\u00e9tente absolue dans la suite Diamant, un appartement de 55m\u00b2 o\u00f9 luxe et bien-\u00eatre se rencontrent, \u00e0 seulement 15 minutes de Paris via l\u2019A15. Plongez dans un univers cosy et raffin\u00e9, avec un coin chambre confortable face \u00e0 la chemin\u00e9e, cr\u00e9ant une atmosph\u00e8re intime et chaleureuse id\u00e9ale pour les couples. Profitez \u00e9galement de votre sauna traditionnel norv\u00e9gien et d\u2019un jacuzzi baln\u00e9o privatif pour des moments de relaxation totale. La suite dispose d\u2019une cuisine moderne et enti\u00e8rement \u00e9quip\u00e9e, parfaite pour pr\u00e9parer vos repas en toute libert\u00e9, ainsi qu\u2019un jardin privatif de 20m\u00b2 o\u00f9 vous pourrez savourer l\u2019air frais en toute tranquillit\u00e9. Le fumoir chauff\u00e9 vous permettra de profiter du plein air m\u00eame par temps frais. Un parking priv\u00e9 est \u00e9galement \u00e0 votre disposition pour un s\u00e9jour en toute s\u00e9r\u00e9nit\u00e9. \u00c0 votre arriv\u00e9e, une personne sera pr\u00e9sente pour vous accueillir, effectuer l\u2019\u00e9tat des lieux et vous remettre les cl\u00e9s, pour que votre s\u00e9jour soit sans tracas. Ce cadre calme et \u00e9l\u00e9gant, avec tous les \u00e9quipements n\u00e9cessaires, est l\u2019endroit parfait pour une escapade romantique, un moment de bien-\u00eatre ou un s\u00e9jour relaxant.\" \/>\n<meta property=\"og:url\" content=\"https:\/\/bnbzen.fr\/en\/product\/brouillon-auto-24\/\" \/>\n<meta property=\"og:site_name\" content=\"Bnbzen\" \/>\n<meta property=\"article:modified_time\" content=\"2026-01-24T15:33:30+00:00\" \/>\n<meta property=\"og:image\" content=\"https:\/\/bnbzen.fr\/wp-content\/uploads\/2022\/11\/Logo-Bnbzen-.jpg\" \/>\n\t<meta property=\"og:image:width\" content=\"1024\" \/>\n\t<meta property=\"og:image:height\" content=\"1024\" \/>\n\t<meta property=\"og:image:type\" content=\"image\/jpeg\" \/>\n<meta name=\"twitter:card\" content=\"summary_large_image\" \/>\n<meta name=\"twitter:label1\" content=\"Estimated reading time\" \/>\n\t<meta name=\"twitter:data1\" content=\"1 minute\" \/>\n<script type=\"application\/ld+json\" class=\"yoast-schema-graph\">{\"@context\":\"https:\/\/schema.org\",\"@graph\":[{\"@type\":\"WebPage\",\"@id\":\"https:\/\/bnbzen.fr\/produit\/brouillon-auto-24\/\",\"url\":\"https:\/\/bnbzen.fr\/produit\/brouillon-auto-24\/\",\"name\":\"La suite Diamant - Bnbzen\",\"isPartOf\":{\"@id\":\"https:\/\/bnbzen.fr\/#website\"},\"datePublished\":\"2025-12-29T09:48:37+00:00\",\"dateModified\":\"2026-01-24T15:33:30+00:00\",\"breadcrumb\":{\"@id\":\"https:\/\/bnbzen.fr\/produit\/brouillon-auto-24\/#breadcrumb\"},\"inLanguage\":\"en-GB\",\"potentialAction\":[{\"@type\":\"ReadAction\",\"target\":[\"https:\/\/bnbzen.fr\/produit\/brouillon-auto-24\/\"]}]},{\"@type\":\"BreadcrumbList\",\"@id\":\"https:\/\/bnbzen.fr\/produit\/brouillon-auto-24\/#breadcrumb\",\"itemListElement\":[{\"@type\":\"ListItem\",\"position\":1,\"name\":\"Accueil\",\"item\":\"https:\/\/bnbzen.fr\/\"},{\"@type\":\"ListItem\",\"position\":2,\"name\":\"Shop\",\"item\":\"https:\/\/bnbzen.fr\/shop\/\"},{\"@type\":\"ListItem\",\"position\":3,\"name\":\"La suite Diamant\"}]},{\"@type\":\"WebSite\",\"@id\":\"https:\/\/bnbzen.fr\/#website\",\"url\":\"https:\/\/bnbzen.fr\/\",\"name\":\"Bnbzen\",\"description\":\"La 1\u00e8re plateforme de suites bien-\u00eatre, journ\u00e9e &amp; nuit\u00e9e.\",\"publisher\":{\"@id\":\"https:\/\/bnbzen.fr\/#organization\"},\"alternateName\":\"Bnbzen\",\"potentialAction\":[{\"@type\":\"SearchAction\",\"target\":{\"@type\":\"EntryPoint\",\"urlTemplate\":\"https:\/\/bnbzen.fr\/?s={search_term_string}\"},\"query-input\":{\"@type\":\"PropertyValueSpecification\",\"valueRequired\":true,\"valueName\":\"search_term_string\"}}],\"inLanguage\":\"en-GB\"},{\"@type\":\"Organization\",\"@id\":\"https:\/\/bnbzen.fr\/#organization\",\"name\":\"Bnbzen\",\"url\":\"https:\/\/bnbzen.fr\/\",\"logo\":{\"@type\":\"ImageObject\",\"inLanguage\":\"en-GB\",\"@id\":\"https:\/\/bnbzen.fr\/#\/schema\/logo\/image\/\",\"url\":\"https:\/\/bnbzen.fr\/wp-content\/uploads\/2025\/09\/cropped-ChatGPT-Image-1-sept.-2025-15_16_27-3.jpg\",\"contentUrl\":\"https:\/\/bnbzen.fr\/wp-content\/uploads\/2025\/09\/cropped-ChatGPT-Image-1-sept.-2025-15_16_27-3.jpg\",\"width\":512,\"height\":512,\"caption\":\"Bnbzen\"},\"image\":{\"@id\":\"https:\/\/bnbzen.fr\/#\/schema\/logo\/image\/\"}}]}<\/script>\n<!-- \/ Yoast SEO plugin. -->","yoast_head_json":{"title":"La suite Diamant - Bnbzen","robots":{"index":"index","follow":"follow","max-snippet":"max-snippet:-1","max-image-preview":"max-image-preview:large","max-video-preview":"max-video-preview:-1"},"canonical":"https:\/\/bnbzen.fr\/en\/product\/brouillon-auto-24\/","og_locale":"en_GB","og_type":"article","og_title":"La suite Diamant - Bnbzen","og_description":"\u2728 Offrez-vous un s\u00e9jour de d\u00e9tente absolue dans la suite Diamant, un appartement de 55m\u00b2 o\u00f9 luxe et bien-\u00eatre se rencontrent, \u00e0 seulement 15 minutes de Paris via l\u2019A15. Plongez dans un univers cosy et raffin\u00e9, avec un coin chambre confortable face \u00e0 la chemin\u00e9e, cr\u00e9ant une atmosph\u00e8re intime et chaleureuse id\u00e9ale pour les couples. Profitez \u00e9galement de votre sauna traditionnel norv\u00e9gien et d\u2019un jacuzzi baln\u00e9o privatif pour des moments de relaxation totale. La suite dispose d\u2019une cuisine moderne et enti\u00e8rement \u00e9quip\u00e9e, parfaite pour pr\u00e9parer vos repas en toute libert\u00e9, ainsi qu\u2019un jardin privatif de 20m\u00b2 o\u00f9 vous pourrez savourer l\u2019air frais en toute tranquillit\u00e9. Le fumoir chauff\u00e9 vous permettra de profiter du plein air m\u00eame par temps frais. Un parking priv\u00e9 est \u00e9galement \u00e0 votre disposition pour un s\u00e9jour en toute s\u00e9r\u00e9nit\u00e9. \u00c0 votre arriv\u00e9e, une personne sera pr\u00e9sente pour vous accueillir, effectuer l\u2019\u00e9tat des lieux et vous remettre les cl\u00e9s, pour que votre s\u00e9jour soit sans tracas. Ce cadre calme et \u00e9l\u00e9gant, avec tous les \u00e9quipements n\u00e9cessaires, est l\u2019endroit parfait pour une escapade romantique, un moment de bien-\u00eatre ou un s\u00e9jour relaxant.","og_url":"https:\/\/bnbzen.fr\/en\/product\/brouillon-auto-24\/","og_site_name":"Bnbzen","article_modified_time":"2026-01-24T15:33:30+00:00","og_image":[{"width":1024,"height":1024,"url":"https:\/\/bnbzen.fr\/wp-content\/uploads\/2022\/11\/Logo-Bnbzen-.jpg","type":"image\/jpeg"}],"twitter_card":"summary_large_image","twitter_misc":{"Estimated reading time":"1 minute"},"schema":{"@context":"https:\/\/schema.org","@graph":[{"@type":"WebPage","@id":"https:\/\/bnbzen.fr\/produit\/brouillon-auto-24\/","url":"https:\/\/bnbzen.fr\/produit\/brouillon-auto-24\/","name":"La suite Diamant - Bnbzen","isPartOf":{"@id":"https:\/\/bnbzen.fr\/#website"},"datePublished":"2025-12-29T09:48:37+00:00","dateModified":"2026-01-24T15:33:30+00:00","breadcrumb":{"@id":"https:\/\/bnbzen.fr\/produit\/brouillon-auto-24\/#breadcrumb"},"inLanguage":"en-GB","potentialAction":[{"@type":"ReadAction","target":["https:\/\/bnbzen.fr\/produit\/brouillon-auto-24\/"]}]},{"@type":"BreadcrumbList","@id":"https:\/\/bnbzen.fr\/produit\/brouillon-auto-24\/#breadcrumb","itemListElement":[{"@type":"ListItem","position":1,"name":"Accueil","item":"https:\/\/bnbzen.fr\/"},{"@type":"ListItem","position":2,"name":"Shop","item":"https:\/\/bnbzen.fr\/shop\/"},{"@type":"ListItem","position":3,"name":"La suite Diamant"}]},{"@type":"WebSite","@id":"https:\/\/bnbzen.fr\/#website","url":"https:\/\/bnbzen.fr\/","name":"Bnbzen","description":"La 1\u00e8re plateforme de suites bien-\u00eatre, journ\u00e9e &amp; nuit\u00e9e.","publisher":{"@id":"https:\/\/bnbzen.fr\/#organization"},"alternateName":"Bnbzen","potentialAction":[{"@type":"SearchAction","target":{"@type":"EntryPoint","urlTemplate":"https:\/\/bnbzen.fr\/?s={search_term_string}"},"query-input":{"@type":"PropertyValueSpecification","valueRequired":true,"valueName":"search_term_string"}}],"inLanguage":"en-GB"},{"@type":"Organization","@id":"https:\/\/bnbzen.fr\/#organization","name":"Bnbzen","url":"https:\/\/bnbzen.fr\/","logo":{"@type":"ImageObject","inLanguage":"en-GB","@id":"https:\/\/bnbzen.fr\/#\/schema\/logo\/image\/","url":"https:\/\/bnbzen.fr\/wp-content\/uploads\/2025\/09\/cropped-ChatGPT-Image-1-sept.-2025-15_16_27-3.jpg","contentUrl":"https:\/\/bnbzen.fr\/wp-content\/uploads\/2025\/09\/cropped-ChatGPT-Image-1-sept.-2025-15_16_27-3.jpg","width":512,"height":512,"caption":"Bnbzen"},"image":{"@id":"https:\/\/bnbzen.fr\/#\/schema\/logo\/image\/"}}]}},"_links":{"self":[{"href":"https:\/\/bnbzen.fr\/en\/wp-json\/wp\/v2\/product\/24961","targetHints":{"allow":["GET"]}}],"collection":[{"href":"https:\/\/bnbzen.fr\/en\/wp-json\/wp\/v2\/product"}],"about":[{"href":"https:\/\/bnbzen.fr\/en\/wp-json\/wp\/v2\/types\/product"}],"replies":[{"embeddable":true,"href":"https:\/\/bnbzen.fr\/en\/wp-json\/wp\/v2\/comments?post=24961"}],"wp:attachment":[{"href":"https:\/\/bnbzen.fr\/en\/wp-json\/wp\/v2\/media?parent=24961"}],"wp:term":[{"taxonomy":"product_brand","embeddable":true,"href":"https:\/\/bnbzen.fr\/en\/wp-json\/wp\/v2\/product_brand?post=24961"},{"taxonomy":"product_cat","embeddable":true,"href":"https:\/\/bnbzen.fr\/en\/wp-json\/wp\/v2\/product_cat?post=24961"},{"taxonomy":"product_tag","embeddable":true,"href":"https:\/\/bnbzen.fr\/en\/wp-json\/wp\/v2\/product_tag?post=24961"}],"curies":[{"name":"wp","href":"https:\/\/api.w.org\/{rel}","templated":true}]}}