{"id":11913,"date":"2025-10-25T00:24:08","date_gmt":"2025-10-24T22:24:08","guid":{"rendered":"https:\/\/bnbzen.fr\/?post_type=product&#038;p=11913"},"modified":"2026-04-26T04:59:05","modified_gmt":"2026-04-26T02:59:05","slug":"la-suite-dream-3","status":"publish","type":"product","link":"https:\/\/bnbzen.fr\/en\/product\/la-suite-dream-3\/","title":{"rendered":"La suite Dream"},"content":{"rendered":"<p>\u2728 Located just 30 minutes from Paris and 25 minutes from CDG Airport, this modern, private duplex suite is designed for a relaxing getaway for two or a comfortable stay near the capital.<\/p>\n<p>On the ground floor, enjoy a private jacuzzi in an intimate and elegant space, perfect for relaxing in complete tranquility. The upper floor features a cozy, bright bedroom with comfortable bedding for restful nights.<\/p>\n<p>La suite dispose \u00e9galement d\u2019une cuisine enti\u00e8rement \u00e9quip\u00e9e avec tout le n\u00e9cessaire pour cuisiner sur place (plaques, micro-ondes, r\u00e9frig\u00e9rateur, vaisselle, cafeti\u00e8re\u2026).<\/p>\n<p>Perfectly located, this address combines comfort, privacy, and convenience \u2014 ideal for a romantic night, a relaxing weekend, or a break between travels.<\/p>","protected":false},"excerpt":{"rendered":"<p>\u2728 Situ\u00e9 \u00e0 seulement 30 minutes de Paris et 25 minutes de l\u2019a\u00e9roport CDG, cette suite duplex moderne et privatis\u00e9e est pens\u00e9e pour une escapade d\u00e9tente \u00e0 deux ou un s\u00e9jour confortable \u00e0 proximit\u00e9 de la capitale. Au rez-de-chauss\u00e9e, profitez d\u2019un jacuzzi privatif dans un espace intime et \u00e9l\u00e9gant, parfait pour se relaxer en toute tranquillit\u00e9. L\u2019\u00e9tage sup\u00e9rieur accueille une chambre cosy et lumineuse, avec une literie confortable pour des nuits reposantes. La suite dispose \u00e9galement d\u2019une cuisine enti\u00e8rement \u00e9quip\u00e9e avec tout le n\u00e9cessaire pour cuisiner sur place (plaques, micro-ondes, r\u00e9frig\u00e9rateur, vaisselle, cafeti\u00e8re\u2026). Parfaitement situ\u00e9e, cette adresse allie confort, intimit\u00e9 et accessibilit\u00e9, que ce soit pour une nuit romantique, un week-end d\u00e9tente ou une pause entre deux d\u00e9placements.<\/p>","protected":false},"featured_media":0,"comment_status":"open","ping_status":"closed","template":"","meta":{"_acf_changed":false,"_monsterinsights_skip_tracking":false,"_monsterinsights_sitenote_active":false,"_monsterinsights_sitenote_note":"","_monsterinsights_sitenote_category":0,"postBodyCss":"","postBodyMargin":[],"postBodyPadding":[],"postBodyBackground":{"backgroundType":"classic","gradient":""}},"product_brand":[],"product_cat":[20],"product_tag":[],"class_list":{"0":"post-11913","1":"product","2":"type-product","3":"status-publish","5":"product_cat-listeo-booking","7":"first","8":"instock","9":"virtual","10":"sold-individually","11":"purchasable","12":"product-type-listing_booking"},"acf":[],"yoast_head":"<!-- This site is optimized with the Yoast SEO plugin v27.5 - https:\/\/yoast.com\/product\/yoast-seo-wordpress\/ -->\n<title>La suite Dream - Bnbzen<\/title>\n<meta name=\"robots\" content=\"index, follow, max-snippet:-1, max-image-preview:large, max-video-preview:-1\" \/>\n<link rel=\"canonical\" href=\"https:\/\/bnbzen.fr\/en\/product\/la-suite-dream-3\/\" \/>\n<meta property=\"og:locale\" content=\"en_GB\" \/>\n<meta property=\"og:type\" content=\"article\" \/>\n<meta property=\"og:title\" content=\"La suite Dream - Bnbzen\" \/>\n<meta property=\"og:description\" content=\"\u2728 Situ\u00e9 \u00e0 seulement 30 minutes de Paris et 25 minutes de l\u2019a\u00e9roport CDG, cette suite duplex moderne et privatis\u00e9e est pens\u00e9e pour une escapade d\u00e9tente \u00e0 deux ou un s\u00e9jour confortable \u00e0 proximit\u00e9 de la capitale. Au rez-de-chauss\u00e9e, profitez d\u2019un jacuzzi privatif dans un espace intime et \u00e9l\u00e9gant, parfait pour se relaxer en toute tranquillit\u00e9. L\u2019\u00e9tage sup\u00e9rieur accueille une chambre cosy et lumineuse, avec une literie confortable pour des nuits reposantes. La suite dispose \u00e9galement d\u2019une cuisine enti\u00e8rement \u00e9quip\u00e9e avec tout le n\u00e9cessaire pour cuisiner sur place (plaques, micro-ondes, r\u00e9frig\u00e9rateur, vaisselle, cafeti\u00e8re\u2026). Parfaitement situ\u00e9e, cette adresse allie confort, intimit\u00e9 et accessibilit\u00e9, que ce soit pour une nuit romantique, un week-end d\u00e9tente ou une pause entre deux d\u00e9placements.\" \/>\n<meta property=\"og:url\" content=\"https:\/\/bnbzen.fr\/en\/product\/la-suite-dream-3\/\" \/>\n<meta property=\"og:site_name\" content=\"Bnbzen\" \/>\n<meta property=\"article:modified_time\" content=\"2026-04-26T02:59:05+00:00\" \/>\n<meta property=\"og:image\" content=\"https:\/\/bnbzen.fr\/wp-content\/uploads\/2022\/11\/Logo-Bnbzen-.jpg\" \/>\n\t<meta property=\"og:image:width\" content=\"1024\" \/>\n\t<meta property=\"og:image:height\" content=\"1024\" \/>\n\t<meta property=\"og:image:type\" content=\"image\/jpeg\" \/>\n<meta name=\"twitter:card\" content=\"summary_large_image\" \/>\n<script type=\"application\/ld+json\" class=\"yoast-schema-graph\">{\"@context\":\"https:\\\/\\\/schema.org\",\"@graph\":[{\"@type\":\"WebPage\",\"@id\":\"https:\\\/\\\/bnbzen.fr\\\/produit\\\/la-suite-dream-3\\\/\",\"url\":\"https:\\\/\\\/bnbzen.fr\\\/produit\\\/la-suite-dream-3\\\/\",\"name\":\"La suite Dream - Bnbzen\",\"isPartOf\":{\"@id\":\"https:\\\/\\\/bnbzen.fr\\\/#website\"},\"datePublished\":\"2025-10-24T22:24:08+00:00\",\"dateModified\":\"2026-04-26T02:59:05+00:00\",\"breadcrumb\":{\"@id\":\"https:\\\/\\\/bnbzen.fr\\\/produit\\\/la-suite-dream-3\\\/#breadcrumb\"},\"inLanguage\":\"en-GB\",\"potentialAction\":[{\"@type\":\"ReadAction\",\"target\":[\"https:\\\/\\\/bnbzen.fr\\\/produit\\\/la-suite-dream-3\\\/\"]}]},{\"@type\":\"BreadcrumbList\",\"@id\":\"https:\\\/\\\/bnbzen.fr\\\/produit\\\/la-suite-dream-3\\\/#breadcrumb\",\"itemListElement\":[{\"@type\":\"ListItem\",\"position\":1,\"name\":\"Accueil\",\"item\":\"https:\\\/\\\/bnbzen.fr\\\/\"},{\"@type\":\"ListItem\",\"position\":2,\"name\":\"Shop\",\"item\":\"https:\\\/\\\/bnbzen.fr\\\/shop\\\/\"},{\"@type\":\"ListItem\",\"position\":3,\"name\":\"La suite Dream\"}]},{\"@type\":\"WebSite\",\"@id\":\"https:\\\/\\\/bnbzen.fr\\\/#website\",\"url\":\"https:\\\/\\\/bnbzen.fr\\\/\",\"name\":\"Bnbzen\",\"description\":\"La 1\u00e8re plateforme de suites bien-\u00eatre, journ\u00e9e &amp; nuit\u00e9e.\",\"publisher\":{\"@id\":\"https:\\\/\\\/bnbzen.fr\\\/#organization\"},\"alternateName\":\"Bnbzen\",\"potentialAction\":[{\"@type\":\"SearchAction\",\"target\":{\"@type\":\"EntryPoint\",\"urlTemplate\":\"https:\\\/\\\/bnbzen.fr\\\/?s={search_term_string}\"},\"query-input\":{\"@type\":\"PropertyValueSpecification\",\"valueRequired\":true,\"valueName\":\"search_term_string\"}}],\"inLanguage\":\"en-GB\"},{\"@type\":\"Organization\",\"@id\":\"https:\\\/\\\/bnbzen.fr\\\/#organization\",\"name\":\"Bnbzen\",\"url\":\"https:\\\/\\\/bnbzen.fr\\\/\",\"logo\":{\"@type\":\"ImageObject\",\"inLanguage\":\"en-GB\",\"@id\":\"https:\\\/\\\/bnbzen.fr\\\/#\\\/schema\\\/logo\\\/image\\\/\",\"url\":\"https:\\\/\\\/bnbzen.fr\\\/wp-content\\\/uploads\\\/2025\\\/09\\\/cropped-ChatGPT-Image-1-sept.-2025-15_16_27-3.jpg\",\"contentUrl\":\"https:\\\/\\\/bnbzen.fr\\\/wp-content\\\/uploads\\\/2025\\\/09\\\/cropped-ChatGPT-Image-1-sept.-2025-15_16_27-3.jpg\",\"width\":512,\"height\":512,\"caption\":\"Bnbzen\"},\"image\":{\"@id\":\"https:\\\/\\\/bnbzen.fr\\\/#\\\/schema\\\/logo\\\/image\\\/\"}}]}<\/script>\n<!-- \/ Yoast SEO plugin. -->","yoast_head_json":{"title":"La suite Dream - Bnbzen","robots":{"index":"index","follow":"follow","max-snippet":"max-snippet:-1","max-image-preview":"max-image-preview:large","max-video-preview":"max-video-preview:-1"},"canonical":"https:\/\/bnbzen.fr\/en\/product\/la-suite-dream-3\/","og_locale":"en_GB","og_type":"article","og_title":"La suite Dream - Bnbzen","og_description":"\u2728 Situ\u00e9 \u00e0 seulement 30 minutes de Paris et 25 minutes de l\u2019a\u00e9roport CDG, cette suite duplex moderne et privatis\u00e9e est pens\u00e9e pour une escapade d\u00e9tente \u00e0 deux ou un s\u00e9jour confortable \u00e0 proximit\u00e9 de la capitale. Au rez-de-chauss\u00e9e, profitez d\u2019un jacuzzi privatif dans un espace intime et \u00e9l\u00e9gant, parfait pour se relaxer en toute tranquillit\u00e9. L\u2019\u00e9tage sup\u00e9rieur accueille une chambre cosy et lumineuse, avec une literie confortable pour des nuits reposantes. La suite dispose \u00e9galement d\u2019une cuisine enti\u00e8rement \u00e9quip\u00e9e avec tout le n\u00e9cessaire pour cuisiner sur place (plaques, micro-ondes, r\u00e9frig\u00e9rateur, vaisselle, cafeti\u00e8re\u2026). Parfaitement situ\u00e9e, cette adresse allie confort, intimit\u00e9 et accessibilit\u00e9, que ce soit pour une nuit romantique, un week-end d\u00e9tente ou une pause entre deux d\u00e9placements.","og_url":"https:\/\/bnbzen.fr\/en\/product\/la-suite-dream-3\/","og_site_name":"Bnbzen","article_modified_time":"2026-04-26T02:59:05+00:00","og_image":[{"width":1024,"height":1024,"url":"https:\/\/bnbzen.fr\/wp-content\/uploads\/2022\/11\/Logo-Bnbzen-.jpg","type":"image\/jpeg"}],"twitter_card":"summary_large_image","schema":{"@context":"https:\/\/schema.org","@graph":[{"@type":"WebPage","@id":"https:\/\/bnbzen.fr\/produit\/la-suite-dream-3\/","url":"https:\/\/bnbzen.fr\/produit\/la-suite-dream-3\/","name":"La suite Dream - Bnbzen","isPartOf":{"@id":"https:\/\/bnbzen.fr\/#website"},"datePublished":"2025-10-24T22:24:08+00:00","dateModified":"2026-04-26T02:59:05+00:00","breadcrumb":{"@id":"https:\/\/bnbzen.fr\/produit\/la-suite-dream-3\/#breadcrumb"},"inLanguage":"en-GB","potentialAction":[{"@type":"ReadAction","target":["https:\/\/bnbzen.fr\/produit\/la-suite-dream-3\/"]}]},{"@type":"BreadcrumbList","@id":"https:\/\/bnbzen.fr\/produit\/la-suite-dream-3\/#breadcrumb","itemListElement":[{"@type":"ListItem","position":1,"name":"Accueil","item":"https:\/\/bnbzen.fr\/"},{"@type":"ListItem","position":2,"name":"Shop","item":"https:\/\/bnbzen.fr\/shop\/"},{"@type":"ListItem","position":3,"name":"La suite Dream"}]},{"@type":"WebSite","@id":"https:\/\/bnbzen.fr\/#website","url":"https:\/\/bnbzen.fr\/","name":"Bnbzen","description":"La 1\u00e8re plateforme de suites bien-\u00eatre, journ\u00e9e &amp; nuit\u00e9e.","publisher":{"@id":"https:\/\/bnbzen.fr\/#organization"},"alternateName":"Bnbzen","potentialAction":[{"@type":"SearchAction","target":{"@type":"EntryPoint","urlTemplate":"https:\/\/bnbzen.fr\/?s={search_term_string}"},"query-input":{"@type":"PropertyValueSpecification","valueRequired":true,"valueName":"search_term_string"}}],"inLanguage":"en-GB"},{"@type":"Organization","@id":"https:\/\/bnbzen.fr\/#organization","name":"Bnbzen","url":"https:\/\/bnbzen.fr\/","logo":{"@type":"ImageObject","inLanguage":"en-GB","@id":"https:\/\/bnbzen.fr\/#\/schema\/logo\/image\/","url":"https:\/\/bnbzen.fr\/wp-content\/uploads\/2025\/09\/cropped-ChatGPT-Image-1-sept.-2025-15_16_27-3.jpg","contentUrl":"https:\/\/bnbzen.fr\/wp-content\/uploads\/2025\/09\/cropped-ChatGPT-Image-1-sept.-2025-15_16_27-3.jpg","width":512,"height":512,"caption":"Bnbzen"},"image":{"@id":"https:\/\/bnbzen.fr\/#\/schema\/logo\/image\/"}}]}},"_links":{"self":[{"href":"https:\/\/bnbzen.fr\/en\/wp-json\/wp\/v2\/product\/11913","targetHints":{"allow":["GET"]}}],"collection":[{"href":"https:\/\/bnbzen.fr\/en\/wp-json\/wp\/v2\/product"}],"about":[{"href":"https:\/\/bnbzen.fr\/en\/wp-json\/wp\/v2\/types\/product"}],"replies":[{"embeddable":true,"href":"https:\/\/bnbzen.fr\/en\/wp-json\/wp\/v2\/comments?post=11913"}],"wp:attachment":[{"href":"https:\/\/bnbzen.fr\/en\/wp-json\/wp\/v2\/media?parent=11913"}],"wp:term":[{"taxonomy":"product_brand","embeddable":true,"href":"https:\/\/bnbzen.fr\/en\/wp-json\/wp\/v2\/product_brand?post=11913"},{"taxonomy":"product_cat","embeddable":true,"href":"https:\/\/bnbzen.fr\/en\/wp-json\/wp\/v2\/product_cat?post=11913"},{"taxonomy":"product_tag","embeddable":true,"href":"https:\/\/bnbzen.fr\/en\/wp-json\/wp\/v2\/product_tag?post=11913"}],"curies":[{"name":"wp","href":"https:\/\/api.w.org\/{rel}","templated":true}]}}