{"id":99,"date":"2022-07-26T16:14:45","date_gmt":"2022-07-26T16:14:45","guid":{"rendered":"https:\/\/wordpress-722045-2402992.cloudwaysapps.com\/?page_id=557"},"modified":"2025-06-14T00:43:49","modified_gmt":"2025-06-13T22:43:49","slug":"statistiques","status":"publish","type":"page","link":"https:\/\/bnbzen.fr\/en\/statistiques\/","title":{"rendered":"Statistiques"},"content":{"rendered":"\n        <div class=\"row\">\n            <!-- Listings -->\n            <div class=\"col-lg-12 col-md-12\">\n                <div class=\"dashboard-list-box dashboard-chart-full margin-top-0\">\n                    <div class=\"headline-with-filters\">\n\n\n                        <div class=\" chart-filters\">\n                            <div id=\"chart-date-range\" style=\"display: none;\">\n                                <span><\/span>\n                            <\/div>\n\n                            <div class=\"sort-by\">\n                                <div class=\"sort-by-select\">\n                                    <select data-placeholder=\"Default order\" class=\"select2-bookings\" id=\"listing_id\">\n                                        <option value=\"show_all\">All listings<\/option>\n                                                                                    <option value=\"27035\">La suite Prestige \u2013 Express<\/option>\n                                                                                    <option value=\"26998\">La suite Prestige<\/option>\n                                                                                    <option value=\"24991\">La suite Tropic<\/option>\n                                                                                    <option value=\"24960\">La suite Diamant<\/option>\n                                                                                    <option value=\"6171\">La suite Zen<\/option>\n                                                                                    <option value=\"145\">La suite Sun<\/option>\n                                                                                    <option value=\"12292\">La suite Pool<\/option>\n                                                                                    <option value=\"12312\">La suite Wood<\/option>\n                                                                                    <option value=\"12097\">La suite Cin\u00e9ma<\/option>\n                                                                                    <option value=\"5852\">La suite Ivory<\/option>\n                                                                                    <option value=\"394\">La suite Gold<\/option>\n                                                                                    <option value=\"11775\">La suite Sky \u2013 Express<\/option>\n                                                                                    <option value=\"11771\">La suite Aura \u2013 Express<\/option>\n                                                                                    <option value=\"11433\">La Suite Prime<\/option>\n                                                                                    <option value=\"11853\">La Suite Prime<\/option>\n                                                                                    <option value=\"11235\">La suite Red<\/option>\n                                                                                    <option value=\"11181\">La suite King \u2013 Express<\/option>\n                                                                                    <option value=\"12236\">La suite Bulle<\/option>\n                                                                                    <option value=\"12267\">La suite Mezza<\/option>\n                                                                                    <option value=\"9713\">Van \u00c9lite T (ou cat\u00e9gorie similaire)<\/option>\n                                                                                    <option value=\"9520\">Van Grey T (ou cat\u00e9gorie similaire)<\/option>\n                                                                                    <option value=\"5000\">Van Red (ou cat\u00e9gorie similaire)<\/option>\n                                                                                    <option value=\"9472\">Sprinter Blue T (ou cat\u00e9gorie similaire)<\/option>\n                                                                                    <option value=\"9450\">Van White T (ou cat\u00e9gorie similaire)<\/option>\n                                                                                    <option value=\"10841\">Van Black T (ou cat\u00e9gorie similaire)<\/option>\n                                                                                    <option value=\"9710\">Van \u00c9lite (ou cat\u00e9gorie similaire)<\/option>\n                                                                                    <option value=\"9458\">Van White (ou cat\u00e9gorie similaire)<\/option>\n                                                                                    <option value=\"9469\">Sprinter Blue (ou cat\u00e9gorie similaire)<\/option>\n                                                                                    <option value=\"9512\">Van Grey (ou cat\u00e9gorie similaire)<\/option>\n                                                                                    <option value=\"9005\">La suite Chill \u2013 Express<\/option>\n                                                                                    <option value=\"8999\">La suite Jungle \u2013 Express<\/option>\n                                                                                    <option value=\"8990\">La suite Cristal \u2013 Express<\/option>\n                                                                                    <option value=\"8981\">La suite Ocean \u2013 Express<\/option>\n                                                                                    <option value=\"8976\">La suite \u00c9lixir \u2013 Express<\/option>\n                                                                                    <option value=\"8972\">La suite Cosy \u2013 Express<\/option>\n                                                                                    <option value=\"8963\">La suite Ivory \u2013 Express<\/option>\n                                                                                    <option value=\"8710\">Van Red T (ou cat\u00e9gorie similaire)<\/option>\n                                                                                    <option value=\"6398\">La suite Sky<\/option>\n                                                                                    <option value=\"6378\">La suite Aura<\/option>\n                                                                                    <option value=\"6357\">La suite Vital<\/option>\n                                                                                    <option value=\"6335\">La suite Cosy<\/option>\n                                                                                    <option value=\"6270\">La suite Palma<\/option>\n                                                                                    <option value=\"6249\">La suite Velour<\/option>\n                                                                                    <option value=\"6198\">La suite Glam<\/option>\n                                                                                    <option value=\"6150\">La suite Spa<\/option>\n                                                                                    <option value=\"6125\">La suite Jungle<\/option>\n                                                                                    <option value=\"6112\">La suite Love<\/option>\n                                                                                    <option value=\"6083\">La suite King<\/option>\n                                                                                    <option value=\"6068\">La suite \u00c9lixir<\/option>\n                                                                                    <option value=\"6054\">La suite Blue<\/option>\n                                                                                    <option value=\"6030\">La suite Luxury<\/option>\n                                                                                    <option value=\"6008\">La suite Dream<\/option>\n                                                                                    <option value=\"24200\">La suite Dream<\/option>\n                                                                                    <option value=\"5985\">La suite Cristal<\/option>\n                                                                                    <option value=\"5971\">La suite \u00c9toile<\/option>\n                                                                                    <option value=\"5943\">Suite Calma<\/option>\n                                                                                    <option value=\"5931\">La suite Cocoon<\/option>\n                                                                                    <option value=\"5916\">La suite Bali<\/option>\n                                                                                    <option value=\"5885\">La suite Oc\u00e9an<\/option>\n                                                                                    <option value=\"5824\">La villa Chill<\/option>\n                                                                                    <option value=\"5786\">La suite Chill<\/option>\n                                                                                    <option value=\"10839\">Van Black (ou cat\u00e9gorie similaire)<\/option>\n                                                                                    <option value=\"12356\">La suite Zen \u2013 Dupliquer \u2013 [#6171]<\/option>\n                                                                                    <option value=\"11972\">La suite S\u00e9rena<\/option>\n                                                                            <\/select>\n                                <\/div>\n                            <\/div>\n                            <div class=\"sort-by-status chart-sort-by\">\n                                <div class=\"sort-by-select\">\n                                                                        <select data-placeholder=\"Visits\" class=\"select2-bookings-status\" id=\"stat_type\">\n                                        <option value=\"visits\">All Visits<\/option>\n                                        <option value=\"unique\">Unique Visits<\/option>\n                                        <option value=\"booking_click\">Booking form clicks<\/option>                                                                             <\/select>\n                                <\/div>\n                            <\/div>\n                        <\/div>\n\n                        <h4>Listings Analytics <i class=\"fa fa-circle-o-notch fa-spin booking-loading-icon\"><\/i> <\/h4>\n                    <\/div>\n                    <div class=\"content chart-box-content\">\n                        <!-- Chart -->\n\n                        <div class=\" chart chart-container\">\n                            <canvas id=\"chart\" width=\"100\" height=\"45\"><\/canvas>\n                        <\/div>\n                    <\/div>\n                    <script type=\"text\/javascript\">\n                        jQuery(document).ready(function($) {\n                            \/\/Chart.defaults.global.defaultFontFamily = \"Nunito\";\n                            Chart.defaults.global.defaultFontColor = '#888';\n                            Chart.defaults.global.defaultFontSize = '14';\n                            var ctx = document.getElementById('chart').getContext('2d');\n\n                            window.chart = new Chart(ctx, {\n                                type: 'line',\n                                \/\/ The data for our dataset\n                                data: {\n                                    labels: [\"26\\\/04\\\/2026\",\"27\\\/04\\\/2026\",\"28\\\/04\\\/2026\",\"29\\\/04\\\/2026\",\"30\\\/04\\\/2026\",\"01\\\/05\\\/2026\",\"02\\\/05\\\/2026\"],\n                                    \/\/ Information about the dataset\n                                    datasets: [\n                                                                            ],\n                                },\n\n                                \/\/ Configuration options\n                                options: {\n\n                                    layout: {\n                                        padding: 10,\n                                    },\n\n                                    legend: {\n                                        display: false\n                                    },\n                                    title: {\n                                        display: false\n                                    },\n\n                                    scales: {\n                                        yAxes: [{\n                                            scaleLabel: {\n                                                display: false\n                                            },\n                                            gridLines: {\n                                                borderDash: [6, 10],\n                                                color: \"#d8d8d8\",\n                                                lineWidth: 1,\n                                            },\n                                            min: 0,\n                                            ticks: {\n\n                                                suggestedMin: 0\n                                            }\n\n                                        }],\n                                        xAxes: [{\n                                            scaleLabel: {\n                                                display: false\n                                            },\n                                            gridLines: {\n                                                display: false\n                                            },\n                                            min: 0,\n                                            ticks: {\n\n                                                suggestedMin: 0\n                                            }\n                                        }],\n\n                                    },\n\n                                    tooltips: {\n                                        backgroundColor: '#333',\n                                        titleFontSize: 13,\n                                        titleFontColor: '#fff',\n                                        bodyFontColor: '#fff',\n                                        bodyFontSize: 13,\n                                        displayColors: false,\n                                        xPadding: 10,\n                                        yPadding: 10,\n                                        intersect: false\n                                    }\n                                },\n\n\n                            })\n\n\n                        });\n                    <\/script>\n                <\/div>\n            <\/div>\n        <\/div>\n\n\n","protected":false},"excerpt":{"rendered":"","protected":false},"author":1,"featured_media":0,"parent":0,"menu_order":0,"comment_status":"closed","ping_status":"closed","template":"template-dashboard.php","meta":{"_acf_changed":false,"_monsterinsights_skip_tracking":false,"_monsterinsights_sitenote_active":false,"_monsterinsights_sitenote_note":"","_monsterinsights_sitenote_category":0,"postBodyCss":"","postBodyMargin":[],"postBodyPadding":[],"postBodyBackground":{"backgroundType":"classic","gradient":""},"footnotes":""},"class_list":["post-99","page","type-page","status-publish","hentry"],"acf":[],"yoast_head":"<!-- This site is optimized with the Yoast SEO plugin v27.5 - https:\/\/yoast.com\/product\/yoast-seo-wordpress\/ -->\n<title>Statistiques - Bnbzen<\/title>\n<meta name=\"robots\" content=\"index, follow, max-snippet:-1, max-image-preview:large, max-video-preview:-1\" \/>\n<link rel=\"canonical\" href=\"https:\/\/bnbzen.fr\/en\/statistiques\/\" \/>\n<meta property=\"og:locale\" content=\"en_GB\" \/>\n<meta property=\"og:type\" content=\"article\" \/>\n<meta property=\"og:title\" content=\"Statistiques - Bnbzen\" \/>\n<meta property=\"og:url\" content=\"https:\/\/bnbzen.fr\/en\/statistiques\/\" \/>\n<meta property=\"og:site_name\" content=\"Bnbzen\" \/>\n<meta property=\"article:modified_time\" content=\"2025-06-13T22:43:49+00:00\" \/>\n<meta property=\"og:image\" content=\"https:\/\/bnbzen.fr\/wp-content\/uploads\/2022\/11\/Logo-Bnbzen-.jpg\" \/>\n\t<meta property=\"og:image:width\" content=\"1024\" \/>\n\t<meta property=\"og:image:height\" content=\"1024\" \/>\n\t<meta property=\"og:image:type\" content=\"image\/jpeg\" \/>\n<meta name=\"twitter:card\" content=\"summary_large_image\" \/>\n<script type=\"application\/ld+json\" class=\"yoast-schema-graph\">{\"@context\":\"https:\\\/\\\/schema.org\",\"@graph\":[{\"@type\":\"WebPage\",\"@id\":\"https:\\\/\\\/bnbzen.fr\\\/statistiques\\\/\",\"url\":\"https:\\\/\\\/bnbzen.fr\\\/statistiques\\\/\",\"name\":\"Statistiques - Bnbzen\",\"isPartOf\":{\"@id\":\"https:\\\/\\\/bnbzen.fr\\\/#website\"},\"datePublished\":\"2022-07-26T16:14:45+00:00\",\"dateModified\":\"2025-06-13T22:43:49+00:00\",\"breadcrumb\":{\"@id\":\"https:\\\/\\\/bnbzen.fr\\\/statistiques\\\/#breadcrumb\"},\"inLanguage\":\"en-GB\",\"potentialAction\":[{\"@type\":\"ReadAction\",\"target\":[\"https:\\\/\\\/bnbzen.fr\\\/statistiques\\\/\"]}]},{\"@type\":\"BreadcrumbList\",\"@id\":\"https:\\\/\\\/bnbzen.fr\\\/statistiques\\\/#breadcrumb\",\"itemListElement\":[{\"@type\":\"ListItem\",\"position\":1,\"name\":\"Accueil\",\"item\":\"https:\\\/\\\/bnbzen.fr\\\/\"},{\"@type\":\"ListItem\",\"position\":2,\"name\":\"Statistiques\"}]},{\"@type\":\"WebSite\",\"@id\":\"https:\\\/\\\/bnbzen.fr\\\/#website\",\"url\":\"https:\\\/\\\/bnbzen.fr\\\/\",\"name\":\"Bnbzen\",\"description\":\"La 1\u00e8re plateforme de suites bien-\u00eatre, journ\u00e9e &amp; nuit\u00e9e.\",\"publisher\":{\"@id\":\"https:\\\/\\\/bnbzen.fr\\\/#organization\"},\"alternateName\":\"Bnbzen\",\"potentialAction\":[{\"@type\":\"SearchAction\",\"target\":{\"@type\":\"EntryPoint\",\"urlTemplate\":\"https:\\\/\\\/bnbzen.fr\\\/?s={search_term_string}\"},\"query-input\":{\"@type\":\"PropertyValueSpecification\",\"valueRequired\":true,\"valueName\":\"search_term_string\"}}],\"inLanguage\":\"en-GB\"},{\"@type\":\"Organization\",\"@id\":\"https:\\\/\\\/bnbzen.fr\\\/#organization\",\"name\":\"Bnbzen\",\"url\":\"https:\\\/\\\/bnbzen.fr\\\/\",\"logo\":{\"@type\":\"ImageObject\",\"inLanguage\":\"en-GB\",\"@id\":\"https:\\\/\\\/bnbzen.fr\\\/#\\\/schema\\\/logo\\\/image\\\/\",\"url\":\"https:\\\/\\\/bnbzen.fr\\\/wp-content\\\/uploads\\\/2025\\\/09\\\/cropped-ChatGPT-Image-1-sept.-2025-15_16_27-3.jpg\",\"contentUrl\":\"https:\\\/\\\/bnbzen.fr\\\/wp-content\\\/uploads\\\/2025\\\/09\\\/cropped-ChatGPT-Image-1-sept.-2025-15_16_27-3.jpg\",\"width\":512,\"height\":512,\"caption\":\"Bnbzen\"},\"image\":{\"@id\":\"https:\\\/\\\/bnbzen.fr\\\/#\\\/schema\\\/logo\\\/image\\\/\"}}]}<\/script>\n<!-- \/ Yoast SEO plugin. -->","yoast_head_json":{"title":"Statistiques - Bnbzen","robots":{"index":"index","follow":"follow","max-snippet":"max-snippet:-1","max-image-preview":"max-image-preview:large","max-video-preview":"max-video-preview:-1"},"canonical":"https:\/\/bnbzen.fr\/en\/statistiques\/","og_locale":"en_GB","og_type":"article","og_title":"Statistiques - Bnbzen","og_url":"https:\/\/bnbzen.fr\/en\/statistiques\/","og_site_name":"Bnbzen","article_modified_time":"2025-06-13T22:43:49+00:00","og_image":[{"width":1024,"height":1024,"url":"https:\/\/bnbzen.fr\/wp-content\/uploads\/2022\/11\/Logo-Bnbzen-.jpg","type":"image\/jpeg"}],"twitter_card":"summary_large_image","schema":{"@context":"https:\/\/schema.org","@graph":[{"@type":"WebPage","@id":"https:\/\/bnbzen.fr\/statistiques\/","url":"https:\/\/bnbzen.fr\/statistiques\/","name":"Statistiques - Bnbzen","isPartOf":{"@id":"https:\/\/bnbzen.fr\/#website"},"datePublished":"2022-07-26T16:14:45+00:00","dateModified":"2025-06-13T22:43:49+00:00","breadcrumb":{"@id":"https:\/\/bnbzen.fr\/statistiques\/#breadcrumb"},"inLanguage":"en-GB","potentialAction":[{"@type":"ReadAction","target":["https:\/\/bnbzen.fr\/statistiques\/"]}]},{"@type":"BreadcrumbList","@id":"https:\/\/bnbzen.fr\/statistiques\/#breadcrumb","itemListElement":[{"@type":"ListItem","position":1,"name":"Accueil","item":"https:\/\/bnbzen.fr\/"},{"@type":"ListItem","position":2,"name":"Statistiques"}]},{"@type":"WebSite","@id":"https:\/\/bnbzen.fr\/#website","url":"https:\/\/bnbzen.fr\/","name":"Bnbzen","description":"La 1\u00e8re plateforme de suites bien-\u00eatre, journ\u00e9e &amp; nuit\u00e9e.","publisher":{"@id":"https:\/\/bnbzen.fr\/#organization"},"alternateName":"Bnbzen","potentialAction":[{"@type":"SearchAction","target":{"@type":"EntryPoint","urlTemplate":"https:\/\/bnbzen.fr\/?s={search_term_string}"},"query-input":{"@type":"PropertyValueSpecification","valueRequired":true,"valueName":"search_term_string"}}],"inLanguage":"en-GB"},{"@type":"Organization","@id":"https:\/\/bnbzen.fr\/#organization","name":"Bnbzen","url":"https:\/\/bnbzen.fr\/","logo":{"@type":"ImageObject","inLanguage":"en-GB","@id":"https:\/\/bnbzen.fr\/#\/schema\/logo\/image\/","url":"https:\/\/bnbzen.fr\/wp-content\/uploads\/2025\/09\/cropped-ChatGPT-Image-1-sept.-2025-15_16_27-3.jpg","contentUrl":"https:\/\/bnbzen.fr\/wp-content\/uploads\/2025\/09\/cropped-ChatGPT-Image-1-sept.-2025-15_16_27-3.jpg","width":512,"height":512,"caption":"Bnbzen"},"image":{"@id":"https:\/\/bnbzen.fr\/#\/schema\/logo\/image\/"}}]}},"_links":{"self":[{"href":"https:\/\/bnbzen.fr\/en\/wp-json\/wp\/v2\/pages\/99","targetHints":{"allow":["GET"]}}],"collection":[{"href":"https:\/\/bnbzen.fr\/en\/wp-json\/wp\/v2\/pages"}],"about":[{"href":"https:\/\/bnbzen.fr\/en\/wp-json\/wp\/v2\/types\/page"}],"author":[{"embeddable":true,"href":"https:\/\/bnbzen.fr\/en\/wp-json\/wp\/v2\/users\/1"}],"replies":[{"embeddable":true,"href":"https:\/\/bnbzen.fr\/en\/wp-json\/wp\/v2\/comments?post=99"}],"version-history":[{"count":0,"href":"https:\/\/bnbzen.fr\/en\/wp-json\/wp\/v2\/pages\/99\/revisions"}],"wp:attachment":[{"href":"https:\/\/bnbzen.fr\/en\/wp-json\/wp\/v2\/media?parent=99"}],"curies":[{"name":"wp","href":"https:\/\/api.w.org\/{rel}","templated":true}]}}