{"id":93,"date":"2024-10-04T21:47:47","date_gmt":"2024-10-04T21:47:47","guid":{"rendered":"https:\/\/wordpress-722045-2402992.cloudwaysapps.com\/?page_id=785"},"modified":"2025-06-14T00:45:17","modified_gmt":"2025-06-13T22:45:17","slug":"campagne-publicitaire","status":"publish","type":"page","link":"https:\/\/bnbzen.fr\/en\/campagne-publicitaire\/","title":{"rendered":"Campagne publicitaire"},"content":{"rendered":"You need to be signed in to manage your ads.","protected":false},"excerpt":{"rendered":"","protected":false},"author":1,"featured_media":0,"parent":0,"menu_order":0,"comment_status":"closed","ping_status":"closed","template":"template-dashboard.php","meta":{"_acf_changed":false,"_monsterinsights_skip_tracking":false,"_monsterinsights_sitenote_active":false,"_monsterinsights_sitenote_note":"","_monsterinsights_sitenote_category":0,"postBodyCss":"","postBodyMargin":[],"postBodyPadding":[],"postBodyBackground":{"backgroundType":"classic","gradient":""},"footnotes":""},"class_list":["post-93","page","type-page","status-publish","hentry"],"acf":[],"yoast_head":"<!-- This site is optimized with the Yoast SEO plugin v27.5 - https:\/\/yoast.com\/product\/yoast-seo-wordpress\/ -->\n<title>Campagne publicitaire - Bnbzen<\/title>\n<meta name=\"robots\" content=\"index, follow, max-snippet:-1, max-image-preview:large, max-video-preview:-1\" \/>\n<link rel=\"canonical\" href=\"https:\/\/bnbzen.fr\/en\/campagne-publicitaire\/\" \/>\n<meta property=\"og:locale\" content=\"en_GB\" \/>\n<meta property=\"og:type\" content=\"article\" \/>\n<meta property=\"og:title\" content=\"Campagne publicitaire - Bnbzen\" \/>\n<meta property=\"og:url\" content=\"https:\/\/bnbzen.fr\/en\/campagne-publicitaire\/\" \/>\n<meta property=\"og:site_name\" content=\"Bnbzen\" \/>\n<meta property=\"article:modified_time\" content=\"2025-06-13T22:45:17+00:00\" \/>\n<meta property=\"og:image\" content=\"https:\/\/bnbzen.fr\/wp-content\/uploads\/2022\/11\/Logo-Bnbzen-.jpg\" \/>\n\t<meta property=\"og:image:width\" content=\"1024\" \/>\n\t<meta property=\"og:image:height\" content=\"1024\" \/>\n\t<meta property=\"og:image:type\" content=\"image\/jpeg\" \/>\n<meta name=\"twitter:card\" content=\"summary_large_image\" \/>\n<script type=\"application\/ld+json\" class=\"yoast-schema-graph\">{\"@context\":\"https:\\\/\\\/schema.org\",\"@graph\":[{\"@type\":\"WebPage\",\"@id\":\"https:\\\/\\\/bnbzen.fr\\\/en\\\/campagne-publicitaire\\\/\",\"url\":\"https:\\\/\\\/bnbzen.fr\\\/en\\\/campagne-publicitaire\\\/\",\"name\":\"Campagne publicitaire - Bnbzen\",\"isPartOf\":{\"@id\":\"https:\\\/\\\/bnbzen.fr\\\/#website\"},\"datePublished\":\"2024-10-04T21:47:47+00:00\",\"dateModified\":\"2025-06-13T22:45:17+00:00\",\"breadcrumb\":{\"@id\":\"https:\\\/\\\/bnbzen.fr\\\/en\\\/campagne-publicitaire\\\/#breadcrumb\"},\"inLanguage\":\"en-GB\",\"potentialAction\":[{\"@type\":\"ReadAction\",\"target\":[\"https:\\\/\\\/bnbzen.fr\\\/en\\\/campagne-publicitaire\\\/\"]}]},{\"@type\":\"BreadcrumbList\",\"@id\":\"https:\\\/\\\/bnbzen.fr\\\/en\\\/campagne-publicitaire\\\/#breadcrumb\",\"itemListElement\":[{\"@type\":\"ListItem\",\"position\":1,\"name\":\"Accueil\",\"item\":\"https:\\\/\\\/bnbzen.fr\\\/\"},{\"@type\":\"ListItem\",\"position\":2,\"name\":\"Campagne publicitaire\"}]},{\"@type\":\"WebSite\",\"@id\":\"https:\\\/\\\/bnbzen.fr\\\/#website\",\"url\":\"https:\\\/\\\/bnbzen.fr\\\/\",\"name\":\"Bnbzen\",\"description\":\"La 1\u00e8re plateforme de suites bien-\u00eatre, journ\u00e9e &amp; nuit\u00e9e.\",\"publisher\":{\"@id\":\"https:\\\/\\\/bnbzen.fr\\\/#organization\"},\"alternateName\":\"Bnbzen\",\"potentialAction\":[{\"@type\":\"SearchAction\",\"target\":{\"@type\":\"EntryPoint\",\"urlTemplate\":\"https:\\\/\\\/bnbzen.fr\\\/?s={search_term_string}\"},\"query-input\":{\"@type\":\"PropertyValueSpecification\",\"valueRequired\":true,\"valueName\":\"search_term_string\"}}],\"inLanguage\":\"en-GB\"},{\"@type\":\"Organization\",\"@id\":\"https:\\\/\\\/bnbzen.fr\\\/#organization\",\"name\":\"Bnbzen\",\"url\":\"https:\\\/\\\/bnbzen.fr\\\/\",\"logo\":{\"@type\":\"ImageObject\",\"inLanguage\":\"en-GB\",\"@id\":\"https:\\\/\\\/bnbzen.fr\\\/#\\\/schema\\\/logo\\\/image\\\/\",\"url\":\"https:\\\/\\\/bnbzen.fr\\\/wp-content\\\/uploads\\\/2025\\\/09\\\/cropped-ChatGPT-Image-1-sept.-2025-15_16_27-3.jpg\",\"contentUrl\":\"https:\\\/\\\/bnbzen.fr\\\/wp-content\\\/uploads\\\/2025\\\/09\\\/cropped-ChatGPT-Image-1-sept.-2025-15_16_27-3.jpg\",\"width\":512,\"height\":512,\"caption\":\"Bnbzen\"},\"image\":{\"@id\":\"https:\\\/\\\/bnbzen.fr\\\/#\\\/schema\\\/logo\\\/image\\\/\"}}]}<\/script>\n<!-- \/ Yoast SEO plugin. -->","yoast_head_json":{"title":"Campagne publicitaire - Bnbzen","robots":{"index":"index","follow":"follow","max-snippet":"max-snippet:-1","max-image-preview":"max-image-preview:large","max-video-preview":"max-video-preview:-1"},"canonical":"https:\/\/bnbzen.fr\/en\/campagne-publicitaire\/","og_locale":"en_GB","og_type":"article","og_title":"Campagne publicitaire - Bnbzen","og_url":"https:\/\/bnbzen.fr\/en\/campagne-publicitaire\/","og_site_name":"Bnbzen","article_modified_time":"2025-06-13T22:45:17+00:00","og_image":[{"width":1024,"height":1024,"url":"https:\/\/bnbzen.fr\/wp-content\/uploads\/2022\/11\/Logo-Bnbzen-.jpg","type":"image\/jpeg"}],"twitter_card":"summary_large_image","schema":{"@context":"https:\/\/schema.org","@graph":[{"@type":"WebPage","@id":"https:\/\/bnbzen.fr\/en\/campagne-publicitaire\/","url":"https:\/\/bnbzen.fr\/en\/campagne-publicitaire\/","name":"Campagne publicitaire - Bnbzen","isPartOf":{"@id":"https:\/\/bnbzen.fr\/#website"},"datePublished":"2024-10-04T21:47:47+00:00","dateModified":"2025-06-13T22:45:17+00:00","breadcrumb":{"@id":"https:\/\/bnbzen.fr\/en\/campagne-publicitaire\/#breadcrumb"},"inLanguage":"en-GB","potentialAction":[{"@type":"ReadAction","target":["https:\/\/bnbzen.fr\/en\/campagne-publicitaire\/"]}]},{"@type":"BreadcrumbList","@id":"https:\/\/bnbzen.fr\/en\/campagne-publicitaire\/#breadcrumb","itemListElement":[{"@type":"ListItem","position":1,"name":"Accueil","item":"https:\/\/bnbzen.fr\/"},{"@type":"ListItem","position":2,"name":"Campagne publicitaire"}]},{"@type":"WebSite","@id":"https:\/\/bnbzen.fr\/#website","url":"https:\/\/bnbzen.fr\/","name":"Bnbzen","description":"La 1\u00e8re plateforme de suites bien-\u00eatre, journ\u00e9e &amp; nuit\u00e9e.","publisher":{"@id":"https:\/\/bnbzen.fr\/#organization"},"alternateName":"Bnbzen","potentialAction":[{"@type":"SearchAction","target":{"@type":"EntryPoint","urlTemplate":"https:\/\/bnbzen.fr\/?s={search_term_string}"},"query-input":{"@type":"PropertyValueSpecification","valueRequired":true,"valueName":"search_term_string"}}],"inLanguage":"en-GB"},{"@type":"Organization","@id":"https:\/\/bnbzen.fr\/#organization","name":"Bnbzen","url":"https:\/\/bnbzen.fr\/","logo":{"@type":"ImageObject","inLanguage":"en-GB","@id":"https:\/\/bnbzen.fr\/#\/schema\/logo\/image\/","url":"https:\/\/bnbzen.fr\/wp-content\/uploads\/2025\/09\/cropped-ChatGPT-Image-1-sept.-2025-15_16_27-3.jpg","contentUrl":"https:\/\/bnbzen.fr\/wp-content\/uploads\/2025\/09\/cropped-ChatGPT-Image-1-sept.-2025-15_16_27-3.jpg","width":512,"height":512,"caption":"Bnbzen"},"image":{"@id":"https:\/\/bnbzen.fr\/#\/schema\/logo\/image\/"}}]}},"_links":{"self":[{"href":"https:\/\/bnbzen.fr\/en\/wp-json\/wp\/v2\/pages\/93","targetHints":{"allow":["GET"]}}],"collection":[{"href":"https:\/\/bnbzen.fr\/en\/wp-json\/wp\/v2\/pages"}],"about":[{"href":"https:\/\/bnbzen.fr\/en\/wp-json\/wp\/v2\/types\/page"}],"author":[{"embeddable":true,"href":"https:\/\/bnbzen.fr\/en\/wp-json\/wp\/v2\/users\/1"}],"replies":[{"embeddable":true,"href":"https:\/\/bnbzen.fr\/en\/wp-json\/wp\/v2\/comments?post=93"}],"version-history":[{"count":0,"href":"https:\/\/bnbzen.fr\/en\/wp-json\/wp\/v2\/pages\/93\/revisions"}],"wp:attachment":[{"href":"https:\/\/bnbzen.fr\/en\/wp-json\/wp\/v2\/media?parent=93"}],"curies":[{"name":"wp","href":"https:\/\/api.w.org\/{rel}","templated":true}]}}