{"id":6523,"date":"2025-08-01T00:24:52","date_gmt":"2025-07-31T22:24:52","guid":{"rendered":"https:\/\/room.bnbzen.fr\/?page_id=6523"},"modified":"2025-08-29T02:15:37","modified_gmt":"2025-08-29T00:15:37","slug":"redirection-mot-de-passe-ouble","status":"publish","type":"page","link":"https:\/\/bnbzen.fr\/en\/redirection-mot-de-passe-ouble\/","title":{"rendered":"Reset Confirmation"},"content":{"rendered":"<div data-elementor-type=\"wp-page\" data-elementor-id=\"6523\" class=\"elementor elementor-6523\" data-elementor-post-type=\"page\">\n\t\t\t\t\t\t<section class=\"elementor-section elementor-top-section elementor-element elementor-element-6b8f61a9 elementor-section-content-middle elementor-section-boxed elementor-section-height-default elementor-section-height-default wpr-particle-no wpr-jarallax-no wpr-parallax-no wpr-sticky-section-no wpr-equal-height-no\" data-id=\"6b8f61a9\" data-element_type=\"section\" data-e-type=\"section\" data-settings=\"{&quot;background_background&quot;:&quot;classic&quot;,&quot;animation_mobile&quot;:&quot;fadeIn&quot;}\">\n\t\t\t\t\t\t\t<div class=\"elementor-background-overlay\"><\/div>\n\t\t\t\t\t\t\t<div class=\"elementor-container elementor-column-gap-wide\">\n\t\t\t\t\t<div class=\"elementor-column elementor-col-100 elementor-top-column elementor-element elementor-element-594404b6\" data-id=\"594404b6\" data-element_type=\"column\" data-e-type=\"column\">\n\t\t\t<div class=\"elementor-widget-wrap elementor-element-populated\">\n\t\t\t\t\t\t<div class=\"elementor-element elementor-element-54b66438 elementor-widget elementor-widget-heading\" data-id=\"54b66438\" data-element_type=\"widget\" data-e-type=\"widget\" data-widget_type=\"heading.default\">\n\t\t\t\t<div class=\"elementor-widget-container\">\n\t\t\t\t\t<h3 class=\"elementor-heading-title elementor-size-default\">Thank you<\/h3>\t\t\t\t<\/div>\n\t\t\t\t<\/div>\n\t\t\t\t<div class=\"elementor-element elementor-element-29f46823 elementor-widget-divider--view-line elementor-widget elementor-widget-divider\" data-id=\"29f46823\" data-element_type=\"widget\" data-e-type=\"widget\" data-widget_type=\"divider.default\">\n\t\t\t\t<div class=\"elementor-widget-container\">\n\t\t\t\t\t\t\t<div class=\"elementor-divider\">\n\t\t\t<span class=\"elementor-divider-separator\">\n\t\t\t\t\t\t<\/span>\n\t\t<\/div>\n\t\t\t\t\t\t<\/div>\n\t\t\t\t<\/div>\n\t\t\t\t<div class=\"elementor-element elementor-element-64ebc901 elementor-widget elementor-widget-heading\" data-id=\"64ebc901\" data-element_type=\"widget\" data-e-type=\"widget\" data-widget_type=\"heading.default\">\n\t\t\t\t<div class=\"elementor-widget-container\">\n\t\t\t\t\t<h2 class=\"elementor-heading-title elementor-size-default\">An email has been sent to you!<\/h2>\t\t\t\t<\/div>\n\t\t\t\t<\/div>\n\t\t\t\t<div class=\"elementor-element elementor-element-12f5cc33 elementor-widget elementor-widget-text-editor\" data-id=\"12f5cc33\" data-element_type=\"widget\" data-e-type=\"widget\" data-widget_type=\"text-editor.default\">\n\t\t\t\t<div class=\"elementor-widget-container\">\n\t\t\t\t\t\t\t\t\t<p>Please check your main inbox as well as your spam folder \u263a\ufe0f.<\/p>\t\t\t\t\t\t\t\t<\/div>\n\t\t\t\t<\/div>\n\t\t\t\t<div class=\"elementor-element elementor-element-1b0b4296 elementor-tablet-align-center elementor-align-center elementor-widget elementor-widget-button\" data-id=\"1b0b4296\" data-element_type=\"widget\" data-e-type=\"widget\" data-widget_type=\"button.default\">\n\t\t\t\t<div class=\"elementor-widget-container\">\n\t\t\t\t\t\t\t\t\t<div class=\"elementor-button-wrapper\">\n\t\t\t\t\t<a class=\"elementor-button elementor-button-link elementor-size-md\" href=\"https:\/\/bnbzen.fr\/en\/\">\n\t\t\t\t\t\t<span class=\"elementor-button-content-wrapper\">\n\t\t\t\t\t\t\t\t\t<span class=\"elementor-button-text\">Log in<\/span>\n\t\t\t\t\t<\/span>\n\t\t\t\t\t<\/a>\n\t\t\t\t<\/div>\n\t\t\t\t\t\t\t\t<\/div>\n\t\t\t\t<\/div>\n\t\t\t\t\t<\/div>\n\t\t<\/div>\n\t\t\t\t\t<\/div>\n\t\t<\/section>\n\t\t\t\t<\/div>","protected":false},"excerpt":{"rendered":"<p>mERCI Un mail vous a \u00e9t\u00e9 envoy\u00e9 ! Veuillez v\u00e9rifier votre bo\u00eete mail principale ainsi que vos spams \u263a\ufe0f. Se connecter<\/p>","protected":false},"author":1,"featured_media":0,"parent":0,"menu_order":0,"comment_status":"closed","ping_status":"closed","template":"elementor_canvas","meta":{"_acf_changed":false,"_monsterinsights_skip_tracking":false,"_monsterinsights_sitenote_active":false,"_monsterinsights_sitenote_note":"","_monsterinsights_sitenote_category":0,"postBodyCss":"","postBodyMargin":[],"postBodyPadding":[],"postBodyBackground":{"backgroundType":"classic","gradient":""},"footnotes":""},"class_list":["post-6523","page","type-page","status-publish","hentry"],"acf":[],"yoast_head":"<!-- This site is optimized with the Yoast SEO plugin v27.5 - https:\/\/yoast.com\/product\/yoast-seo-wordpress\/ -->\n<title>Reset Confirmation - Bnbzen<\/title>\n<meta name=\"robots\" content=\"index, follow, max-snippet:-1, max-image-preview:large, max-video-preview:-1\" \/>\n<link rel=\"canonical\" href=\"https:\/\/bnbzen.fr\/en\/redirection-mot-de-passe-ouble\/\" \/>\n<meta property=\"og:locale\" content=\"en_GB\" \/>\n<meta property=\"og:type\" content=\"article\" \/>\n<meta property=\"og:title\" content=\"Reset Confirmation - Bnbzen\" \/>\n<meta property=\"og:description\" content=\"mERCI Un mail vous a \u00e9t\u00e9 envoy\u00e9 ! Veuillez v\u00e9rifier votre bo\u00eete mail principale ainsi que vos spams \u263a\ufe0f. Se connecter\" \/>\n<meta property=\"og:url\" content=\"https:\/\/bnbzen.fr\/en\/redirection-mot-de-passe-ouble\/\" \/>\n<meta property=\"og:site_name\" content=\"Bnbzen\" \/>\n<meta property=\"article:modified_time\" content=\"2025-08-29T00:15:37+00:00\" \/>\n<meta property=\"og:image\" content=\"https:\/\/bnbzen.fr\/wp-content\/uploads\/2022\/11\/Logo-Bnbzen-.jpg\" \/>\n\t<meta property=\"og:image:width\" content=\"1024\" \/>\n\t<meta property=\"og:image:height\" content=\"1024\" \/>\n\t<meta property=\"og:image:type\" content=\"image\/jpeg\" \/>\n<meta name=\"twitter:card\" content=\"summary_large_image\" \/>\n<script type=\"application\/ld+json\" class=\"yoast-schema-graph\">{\"@context\":\"https:\\\/\\\/schema.org\",\"@graph\":[{\"@type\":\"WebPage\",\"@id\":\"https:\\\/\\\/bnbzen.fr\\\/redirection-mot-de-passe-ouble\\\/\",\"url\":\"https:\\\/\\\/bnbzen.fr\\\/redirection-mot-de-passe-ouble\\\/\",\"name\":\"Reset Confirmation - Bnbzen\",\"isPartOf\":{\"@id\":\"https:\\\/\\\/bnbzen.fr\\\/#website\"},\"datePublished\":\"2025-07-31T22:24:52+00:00\",\"dateModified\":\"2025-08-29T00:15:37+00:00\",\"breadcrumb\":{\"@id\":\"https:\\\/\\\/bnbzen.fr\\\/redirection-mot-de-passe-ouble\\\/#breadcrumb\"},\"inLanguage\":\"en-GB\",\"potentialAction\":[{\"@type\":\"ReadAction\",\"target\":[\"https:\\\/\\\/bnbzen.fr\\\/redirection-mot-de-passe-ouble\\\/\"]}]},{\"@type\":\"BreadcrumbList\",\"@id\":\"https:\\\/\\\/bnbzen.fr\\\/redirection-mot-de-passe-ouble\\\/#breadcrumb\",\"itemListElement\":[{\"@type\":\"ListItem\",\"position\":1,\"name\":\"Accueil\",\"item\":\"https:\\\/\\\/bnbzen.fr\\\/\"},{\"@type\":\"ListItem\",\"position\":2,\"name\":\"Reset Confirmation\"}]},{\"@type\":\"WebSite\",\"@id\":\"https:\\\/\\\/bnbzen.fr\\\/#website\",\"url\":\"https:\\\/\\\/bnbzen.fr\\\/\",\"name\":\"Bnbzen\",\"description\":\"La 1\u00e8re plateforme de suites bien-\u00eatre, journ\u00e9e &amp; nuit\u00e9e.\",\"publisher\":{\"@id\":\"https:\\\/\\\/bnbzen.fr\\\/#organization\"},\"alternateName\":\"Bnbzen\",\"potentialAction\":[{\"@type\":\"SearchAction\",\"target\":{\"@type\":\"EntryPoint\",\"urlTemplate\":\"https:\\\/\\\/bnbzen.fr\\\/?s={search_term_string}\"},\"query-input\":{\"@type\":\"PropertyValueSpecification\",\"valueRequired\":true,\"valueName\":\"search_term_string\"}}],\"inLanguage\":\"en-GB\"},{\"@type\":\"Organization\",\"@id\":\"https:\\\/\\\/bnbzen.fr\\\/#organization\",\"name\":\"Bnbzen\",\"url\":\"https:\\\/\\\/bnbzen.fr\\\/\",\"logo\":{\"@type\":\"ImageObject\",\"inLanguage\":\"en-GB\",\"@id\":\"https:\\\/\\\/bnbzen.fr\\\/#\\\/schema\\\/logo\\\/image\\\/\",\"url\":\"https:\\\/\\\/bnbzen.fr\\\/wp-content\\\/uploads\\\/2025\\\/09\\\/cropped-ChatGPT-Image-1-sept.-2025-15_16_27-3.jpg\",\"contentUrl\":\"https:\\\/\\\/bnbzen.fr\\\/wp-content\\\/uploads\\\/2025\\\/09\\\/cropped-ChatGPT-Image-1-sept.-2025-15_16_27-3.jpg\",\"width\":512,\"height\":512,\"caption\":\"Bnbzen\"},\"image\":{\"@id\":\"https:\\\/\\\/bnbzen.fr\\\/#\\\/schema\\\/logo\\\/image\\\/\"}}]}<\/script>\n<!-- \/ Yoast SEO plugin. -->","yoast_head_json":{"title":"Reset Confirmation - Bnbzen","robots":{"index":"index","follow":"follow","max-snippet":"max-snippet:-1","max-image-preview":"max-image-preview:large","max-video-preview":"max-video-preview:-1"},"canonical":"https:\/\/bnbzen.fr\/en\/redirection-mot-de-passe-ouble\/","og_locale":"en_GB","og_type":"article","og_title":"Reset Confirmation - Bnbzen","og_description":"mERCI Un mail vous a \u00e9t\u00e9 envoy\u00e9 ! Veuillez v\u00e9rifier votre bo\u00eete mail principale ainsi que vos spams \u263a\ufe0f. Se connecter","og_url":"https:\/\/bnbzen.fr\/en\/redirection-mot-de-passe-ouble\/","og_site_name":"Bnbzen","article_modified_time":"2025-08-29T00:15:37+00:00","og_image":[{"width":1024,"height":1024,"url":"https:\/\/bnbzen.fr\/wp-content\/uploads\/2022\/11\/Logo-Bnbzen-.jpg","type":"image\/jpeg"}],"twitter_card":"summary_large_image","schema":{"@context":"https:\/\/schema.org","@graph":[{"@type":"WebPage","@id":"https:\/\/bnbzen.fr\/redirection-mot-de-passe-ouble\/","url":"https:\/\/bnbzen.fr\/redirection-mot-de-passe-ouble\/","name":"Reset Confirmation - Bnbzen","isPartOf":{"@id":"https:\/\/bnbzen.fr\/#website"},"datePublished":"2025-07-31T22:24:52+00:00","dateModified":"2025-08-29T00:15:37+00:00","breadcrumb":{"@id":"https:\/\/bnbzen.fr\/redirection-mot-de-passe-ouble\/#breadcrumb"},"inLanguage":"en-GB","potentialAction":[{"@type":"ReadAction","target":["https:\/\/bnbzen.fr\/redirection-mot-de-passe-ouble\/"]}]},{"@type":"BreadcrumbList","@id":"https:\/\/bnbzen.fr\/redirection-mot-de-passe-ouble\/#breadcrumb","itemListElement":[{"@type":"ListItem","position":1,"name":"Accueil","item":"https:\/\/bnbzen.fr\/"},{"@type":"ListItem","position":2,"name":"Reset Confirmation"}]},{"@type":"WebSite","@id":"https:\/\/bnbzen.fr\/#website","url":"https:\/\/bnbzen.fr\/","name":"Bnbzen","description":"La 1\u00e8re plateforme de suites bien-\u00eatre, journ\u00e9e &amp; nuit\u00e9e.","publisher":{"@id":"https:\/\/bnbzen.fr\/#organization"},"alternateName":"Bnbzen","potentialAction":[{"@type":"SearchAction","target":{"@type":"EntryPoint","urlTemplate":"https:\/\/bnbzen.fr\/?s={search_term_string}"},"query-input":{"@type":"PropertyValueSpecification","valueRequired":true,"valueName":"search_term_string"}}],"inLanguage":"en-GB"},{"@type":"Organization","@id":"https:\/\/bnbzen.fr\/#organization","name":"Bnbzen","url":"https:\/\/bnbzen.fr\/","logo":{"@type":"ImageObject","inLanguage":"en-GB","@id":"https:\/\/bnbzen.fr\/#\/schema\/logo\/image\/","url":"https:\/\/bnbzen.fr\/wp-content\/uploads\/2025\/09\/cropped-ChatGPT-Image-1-sept.-2025-15_16_27-3.jpg","contentUrl":"https:\/\/bnbzen.fr\/wp-content\/uploads\/2025\/09\/cropped-ChatGPT-Image-1-sept.-2025-15_16_27-3.jpg","width":512,"height":512,"caption":"Bnbzen"},"image":{"@id":"https:\/\/bnbzen.fr\/#\/schema\/logo\/image\/"}}]}},"_links":{"self":[{"href":"https:\/\/bnbzen.fr\/en\/wp-json\/wp\/v2\/pages\/6523","targetHints":{"allow":["GET"]}}],"collection":[{"href":"https:\/\/bnbzen.fr\/en\/wp-json\/wp\/v2\/pages"}],"about":[{"href":"https:\/\/bnbzen.fr\/en\/wp-json\/wp\/v2\/types\/page"}],"author":[{"embeddable":true,"href":"https:\/\/bnbzen.fr\/en\/wp-json\/wp\/v2\/users\/1"}],"replies":[{"embeddable":true,"href":"https:\/\/bnbzen.fr\/en\/wp-json\/wp\/v2\/comments?post=6523"}],"version-history":[{"count":0,"href":"https:\/\/bnbzen.fr\/en\/wp-json\/wp\/v2\/pages\/6523\/revisions"}],"wp:attachment":[{"href":"https:\/\/bnbzen.fr\/en\/wp-json\/wp\/v2\/media?parent=6523"}],"curies":[{"name":"wp","href":"https:\/\/api.w.org\/{rel}","templated":true}]}}