{"id":133,"date":"2018-11-02T10:41:38","date_gmt":"2018-11-02T10:41:38","guid":{"rendered":"http:\/\/listeo.wpengine.com\/?page_id=45"},"modified":"2025-06-13T23:03:25","modified_gmt":"2025-06-13T21:03:25","slug":"mon-profil-zen","status":"publish","type":"page","link":"https:\/\/bnbzen.fr\/en\/mon-profil-zen\/","title":{"rendered":"Mon profil Zen"},"content":{"rendered":"<ul class=\"tabs-nav\">\n\t<li id=\"listeo-logintab-btn\" class=\"\"><a href=\"#tab1\">Log In<\/a><\/li>\n\t<li id=\"listeo-registration-btn\"><a href=\"#tab2\">Register<\/a><\/li>\n<\/ul>\n\n<div class=\"tabs-container alt\">\n\n\t<!-- Login -->\n\t<div class=\"tab-content\" id=\"tab1\" style=\"display: none;\">\n\t\t\t\t\t\t<form method=\"post\" id=\"login\" class=\"login\" action=\"https:\/\/bnbzen.fr\/wp-login.php\">\n\t\t\t\t\n\t\t\t\t\t\t\t\t<p class=\"form-row form-row-wide\">\n\t\t\t\t\t<label for=\"user_login\">\n\t\t\t\t\t\t<i class=\"sl sl-icon-user\"><\/i>\n\t\t\t\t\t\t<input placeholder=\"Username\/Email\" type=\"text\" class=\"input-text\" name=\"log\" id=\"user_login\" value=\"\" \/>\n\t\t\t\t\t<\/label>\n\t\t\t\t<\/p>\n\n\n\t\t\t\t<p class=\"form-row form-row-wide\">\n\t\t\t\t\t<label for=\"user_pass\">\n\t\t\t\t\t\t<i class=\"sl sl-icon-lock\"><\/i>\n\t\t\t\t\t\t<input placeholder=\"Password\" class=\"input-text\" type=\"password\" name=\"pwd\" id=\"user_pass\" \/>\n\n\t\t\t\t\t<\/label>\n\t\t\t\t\t<span class=\"lost_password\">\n\t\t\t\t\t\t<a href=\"https:\/\/bnbzen.fr\/wp-login.php?action=lostpassword\">Lost Your Password?<\/a>\n\t\t\t\t\t<\/span>\n\t\t\t\t<\/p>\n\n\t\t\t\t<div class=\"form-row\">\n\t\t\t\t\t<input type=\"hidden\" id=\"login_security\" name=\"login_security\" value=\"c42a29faac\" \/><input type=\"hidden\" name=\"_wp_http_referer\" value=\"\/en\/wp-json\/wp\/v2\/pages\/133\" \/>\t\t\t\t\t<input type=\"submit\" class=\"button border margin-top-5\" name=\"login\" value=\"Login\" \/>\n\t\t\t\t\t<div class=\"checkboxes margin-top-10\">\n\t\t\t\t\t\t<input name=\"rememberme\" type=\"checkbox\" id=\"remember-me\" value=\"forever\" \/>\n\t\t\t\t\t\t<label for=\"remember-me\">Remember Me<\/label>\n\n\t\t\t\t\t<\/div>\n\t\t\t\t<\/div>\n\t\t\t\t<div class=\"notification error closeable\" style=\"display: none; margin-top: 20px; margin-bottom: 0px;\">\n\t\t\t\t\t<p><\/p>\n\t\t\t\t<\/div>\n\t\t\t\t<\/form>\n\t<\/div>\n\n\t<!-- Register -->\n\t<div class=\"tab-content\" id=\"tab2\" style=\"display: none;\">\n\t\t\t\t\t\t\t<form enctype=\"multipart\/form-data\" class=\"register listeo-registration-form\" id=\"register\" action=\"https:\/\/bnbzen.fr\/wp-login.php?action=register\" method=\"post\">\n\t\t\t\t\t\t\t\t\t\t<div class=\"listeo-register-form-fields-container\" data-otp-type=\"email\">\n\t\t\t\t\t\t\t\t\t\t\t\t\t\t\t\t\t\t\t<p class=\"form-row form-row-wide\">\n\t\t\t\t\t\t\t\t<label for=\"username2\">\n\t\t\t\t\t\t\t\t\t<i class=\"sl sl-icon-user\"><\/i>\n\t\t\t\t\t\t\t\t\t<input required placeholder=\"Username\" type=\"text\" class=\"input-text\" name=\"username\" id=\"username2\" value=\"\" \/>\n\t\t\t\t\t\t\t\t<\/label>\n\t\t\t\t\t\t\t<\/p>\n\t\t\t\t\t\t\n\t\t\t\t\t\t<p class=\"form-row form-row-wide\">\n\t\t\t\t\t\t\t<label for=\"email\">\n\t\t\t\t\t\t\t\t<i class=\"sl sl-icon-envelope-open\"><\/i>\n\t\t\t\t\t\t\t\t<input required type=\"email\" placeholder=\"Email Address\" class=\"input-text\" name=\"email\" id=\"email\" value=\"\" \/>\n\t\t\t\t\t\t\t<\/label>\n\t\t\t\t\t\t<\/p>\n\n\t\t\t\t\t\t\t\t\t\t\t\t\t<p class=\"form-row form-row-wide\" id=\"password-row\">\n\t\t\t\t\t\t\t\t<label for=\"password1\">\n\t\t\t\t\t\t\t\t\t<i class=\"sl sl-icon-lock\"><\/i>\n\t\t\t\t\t\t\t\t\t<input required placeholder=\"Password\" class=\"input-text\" type=\"password\" name=\"password\" id=\"password1\" \/>\n\t\t\t\t\t\t\t\t\t<span class=\"pwstrength_viewport_progress\"><\/span>\n\n\t\t\t\t\t\t\t\t<\/label>\n\t\t\t\t\t\t\t<\/p>\n\t\t\t\t\t\t\n\t\t\t\t\t\t\t\t\t\t\t\t\t<p class=\"form-row form-row-wide\">\n\t\t\t\t\t\t\t\t<label for=\"first-name\">\n\t\t\t\t\t\t\t\t\t<i class=\"sl sl-icon-pencil\"><\/i>\n\t\t\t\t\t\t\t\t\t<input  placeholder=\"First Name\" type=\"text\" name=\"first_name\" id=\"first-name\"><\/label>\n\t\t\t\t\t\t\t<\/p>\n\n\t\t\t\t\t\t\t<p class=\"form-row form-row-wide\">\n\t\t\t\t\t\t\t\t<label for=\"last-name\">\n\t\t\t\t\t\t\t\t\t<i class=\"sl sl-icon-pencil\"><\/i>\n\t\t\t\t\t\t\t\t\t<input  placeholder=\"Last Name\" type=\"text\" name=\"last_name\" id=\"last-name\">\n\t\t\t\t\t\t\t\t<\/label>\n\t\t\t\t\t\t\t<\/p>\n\t\t\t\t\t\t\n\t\t\t\t\t\t\n\n\t\t\t\t\t\t<!-- \/\/extra fields -->\n\t\t\t\t\t\t<div id=\"listeo-core-registration-fields\">\n\t\t\t\t\t\t\t\t\t\t<div id=\"listeo-core-registration-guest-fields\">\r\n\t\t\t\t\t\t\t\t\t<label class=\"field-no-icon listeo-registration-custom-text\" id=\"listeo-registration-custom-phone\" for=\"phone\">\r\n\r\n\t\t\t\t\t\t\r\n\r\n<input type=\"text\" \r\n\tclass=\"input-text phone\" \r\n\r\n\tname=\"phone\"\r\n\t \r\n\tid=\"phone\" \r\n\tplaceholder=\"T\u00e9l\u00e9phone\" \r\n\tvalue=\"\" \r\n\t\r\n\t\tmaxlength=\"\" \r\n\t \r\n\t \r\n\r\n\t\/>\r\n\r\n\r\n\t\t\t\t\t<\/label>\r\n\t\t\t\t\t\t\t<\/div>\r\n\t\t\t\t\t\t\t\t<\/div>\n\n\n\t\t\t\t\t\t<!-- eof custom fields -->\n\n\t\t\t\t\t\t\n\t\t\t\t\t\t\n\t\t\t\t\t\t\t<p class=\"form-row captcha_wrapper\">\n\t\t\t\t\t\t\t<div class=\"g-recaptcha\" data-sitekey=\"6LcWeckrAAAAALeU8AQB2HhYmK1zpBcSyW25p760\"><\/div>\n\t\t\t\t\t\t\t<\/p>\n\t\t\t\t\t\t\n\t\t\t\t\t\t\n\t\t\t\t\t\t\n\t\t\t\t\t\t\t\t\t\t\t\t\t<p class=\"form-row margin-top-10 checkboxes margin-bottom-10\">\n\t\t\t\t\t\t\t\t<input type=\"checkbox\" id=\"terms_and_conditions\" name=\"terms_and_conditions\">\n\t\t\t\t\t\t\t\t<label for=\"terms_and_conditions\">I agree to the <a target=\"_blank\" href=\"https:\/\/bnbzen.fr\/en\/conditions-generales-dutilisation-cgu\/\">Terms and Conditions<\/a> <\/label>\n\n\t\t\t\t\t\t\t<\/p>\n\t\t\t\t\t\t\t\t\t\t\t<\/div>\n\t\t\t\t\t\t\t\t\t\t\t<div class=\"otp_registration-wrapper\" style=\"display: none\">\n\t\t\t\t\t\t\t\t\t\t\t\t\t\t<div class=\"otp_registration\">\n\t\t\t\t\t\t\t\t<h4>Verification Code<\/h4>\n\n\t\t\t\t\t\t\t\t<p class=\"form-row margin-top-10 otp_code margin-bottom-10\">\n\n\t\t\t\t\t\t\t\t\tPlease enter the 4 digit code sent to your email.\t\t\t\t\t\t\t\t\t\t\t\t\t\t\t\t\t\t<span class=\"otp-countdown-valid-text\">The code is valid for <\/span> <span class=\"otp-countdown\"><\/span>\n\t\t\t\t\t\t\t\t\t<a id=\"resend_otp\" class=\"hidden\" href=\" #\">Time has passed, click here to resend code<\/a>\n\t\t\t\t\t\t\t\t<\/p>\n\n\n\n\t\t\t\t\t\t\t\t<div id=\"listeo_otp-inputs\">\n\t\t\t\t\t\t\t\t\t<input type=\" tel\" name=\"listeo_otp[token][code_1]\" required=\"required\" class=\"field__token\" autocomplete=\"off\" data-error=\"error_second_step_authentication_token\" data-input-type=\"user\">\n\t\t\t\t\t\t\t\t\t<input type=\"tel\" name=\"listeo_otp[token][code_2]\" required=\"required\" class=\"field__token\" autocomplete=\"off\" data-error=\"error_second_step_authentication_token\" data-input-type=\"user\">\n\t\t\t\t\t\t\t\t\t<input type=\"tel\" name=\"listeo_otp[token][code_3]\" required=\"required\" class=\"field__token\" autocomplete=\"off\" data-error=\"error_second_step_authentication_token\" data-input-type=\"user\">\n\t\t\t\t\t\t\t\t\t<input type=\"tel\" name=\"listeo_otp[token][code_4]\" required=\"required\" class=\"field__token\" autocomplete=\"off\" data-error=\"error_second_step_authentication_token\" data-input-type=\"user\">\n\n\t\t\t\t\t\t\t\t<\/div>\n\n\t\t\t\t\t\t\t\t<span id=\"error_listeo_otp\" class=\"hidden\">Wrong authorization code. Try again later.<\/span>\n\t\t\t\t\t\t\t\t<span id=\"error_listeo_otp_time\" class=\"hidden\">The code has expired. Try again later.<\/span>\n\t\t\t\t\t\t\t\t<span id=\"error_listeo_otp_general\" class=\"hidden\">Something went wrong. Try again later.<\/span>\n\n\n\t\t\t\t\t\t\t<\/div>\n\t\t\t\t\t\t\t<input type=\"submit\" class=\"button border fw margin-top-10\" name=\"register\" value=\"Register\" \/>\n\t\t\t\t\t\t\t\t\t\t\t\t\t<\/div>\n\t\t\t\t\t\n\t\t\t\t\t<input type=\"hidden\" id=\"register_security\" name=\"register_security\" value=\"c42a29faac\" \/><input type=\"hidden\" name=\"_wp_http_referer\" value=\"\/en\/wp-json\/wp\/v2\/pages\/133\" \/>\n\t\t\t\t\t\t\t\t\t\t\t<a class=\"button fw margin-top-10\" id=\"otp_submit\" name=\"otp\">Register<\/a>\n\t\t\t\t\t\t\t\t\t\t<div class=\"notification error closeable\" style=\"display: none;margin-top: 20px; margin-bottom: 0px;\">\n\t\t\t\t\t\t<p><\/p>\n\t\t\t\t\t<\/div>\n\n\t\t\t\t\t<\/form>\n\n\t\t\t\t\t<div class=\"listeo-custom-fields-wrapper\">\n\t\t\t\t\t\t\t\t\t\t\t\t\t\t\t<div id=\"listeo-core-registration-guest-fields\">\r\n\t\t\t\t\t\t\t\t\t<label class=\"field-no-icon listeo-registration-custom-text\" id=\"listeo-registration-custom-phone\" for=\"phone\">\r\n\r\n\t\t\t\t\t\t\r\n\r\n<input type=\"text\" \r\n\tclass=\"input-text phone\" \r\n\r\n\tname=\"phone\"\r\n\t \r\n\tid=\"phone\" \r\n\tplaceholder=\"T\u00e9l\u00e9phone\" \r\n\tvalue=\"\" \r\n\t\r\n\t\tmaxlength=\"\" \r\n\t \r\n\t \r\n\r\n\t\/>\r\n\r\n\r\n\t\t\t\t\t<\/label>\r\n\t\t\t\t\t\t\t<\/div>\r\n\t\t\t\t\t\t\t<\/div>\n\t\t\t\t\t<\/div>\n\n<\/div>\n\n\n<div class=\"nsl-container nsl-container-block\" data-align=\"left\"><div class=\"nsl-container-buttons\"><a href=\"https:\/\/bnbzen.fr\/en\/oauth-callback\/?loginSocial=facebook&redirect=https%3A%2F%2Fbnbzen.fr%2Fen%2Fwp-json%2Fwp%2Fv2%2Fpages%2F133\" rel=\"nofollow\" aria-label=\"Se connecter avec <b>Facebook<\/b>\" data-plugin=\"nsl\" data-action=\"connect\" data-provider=\"facebook\" data-popupwidth=\"600\" data-popupheight=\"679\" data-e-disable-page-transition=\"1\"><div class=\"nsl-button nsl-button-default nsl-button-facebook\" style=\"background-color:#1877F2; border:1px solid #1877F2; border-radius:8px; display:flex; align-items:center; padding:0 12px; height:40px; cursor:pointer; box-shadow:0 1px 3px rgba(0,0,0,0.08); transition:box-shadow 0.2s;\">\r\n  <div class=\"nsl-button-svg-container\" style=\"margin-right:10px; display:flex; align-items:center;\">\r\n    <svg xmlns=\"http:\/\/www.w3.org\/2000\/svg\" width=\"20\" height=\"20\" viewBox=\"0 0 24 24\">\r\n      <path fill=\"#ffffff\" d=\"M22 12a10 10 0 10-11.5 9.9v-7h-2.6V12h2.6V9.8c0-2.6 1.5-4 3.9-4 1.1 0 2.3.2 2.3.2v2.5h-1.3c-1.3 0-1.7.8-1.7 1.6V12h2.9l-.5 2.9h-2.4v7A10 10 0 0022 12z\"\/>\r\n    <\/svg>\r\n  <\/div>\r\n  <div class=\"nsl-button-label-container\" style=\"font-family:Roboto,Arial,sans-serif; font-size:14px; font-weight:500; color:#ffffff; letter-spacing:0.25px;\">\r\n    Se connecter avec <b>Facebook<\/b>\r\n  <\/div>\r\n<\/div><\/a><a href=\"https:\/\/bnbzen.fr\/en\/oauth-callback\/?loginSocial=google&redirect=https%3A%2F%2Fbnbzen.fr%2Fen%2Fwp-json%2Fwp%2Fv2%2Fpages%2F133\" rel=\"nofollow\" aria-label=\"Se connecter avec <b>Google<\/b>\" data-plugin=\"nsl\" data-action=\"connect\" data-provider=\"google\" data-popupwidth=\"600\" data-popupheight=\"600\" data-e-disable-page-transition=\"1\"><div class=\"nsl-button nsl-button-default nsl-button-google\" style=\"background-color:#ffffff; border:1px solid #dadce0; border-radius:8px; display:flex; align-items:center; padding:0 12px; height:40px; cursor:pointer; box-shadow:0 1px 3px rgba(0,0,0,0.08); transition:box-shadow 0.2s;\">\r\n  <div class=\"nsl-button-svg-container\" style=\"margin-right:10px; display:flex; align-items:center;\">\r\n    <svg xmlns=\"http:\/\/www.w3.org\/2000\/svg\" width=\"20\" height=\"20\" viewBox=\"0 0 24 24\">\r\n      <path fill=\"#4285F4\" d=\"M20.64 12.2045c0-.6381-.0573-1.2518-.1636-1.8409H12v3.4814h4.8436c-.2086 1.125-.8427 2.0782-1.7959 2.7164v2.2581h2.9087c1.7018-1.5668 2.6836-3.874 2.6836-6.615z\"\/>\r\n      <path fill=\"#34A853\" d=\"M12 21c2.43 0 4.4673-.806 5.9564-2.1805l-2.9087-2.2581c-.8059.54-1.8368.859-3.0477.859-2.344 0-4.3282-1.5831-5.036-3.7104H3.9574v2.3318C5.4382 18.9832 8.4818 21 12 21z\"\/>\r\n      <path fill=\"#FBBC05\" d=\"M6.964 13.71c-.18-.54-.2822-1.1168-.2822-1.71s.1023-1.17.2823-1.71V7.9582H3.9573A8.9965 8.9965 0 0 0 3 12c0 1.4523.3477 2.8268.9573 4.0418L6.964 13.71z\"\/>\r\n      <path fill=\"#EA4335\" d=\"M12 6.5795c1.3214 0 2.5077.4541 3.4405 1.346l2.5813-2.5814C16.4632 3.8918 14.426 3 12 3 8.4818 3 5.4382 5.0168 3.9573 7.9582L6.964 10.29C7.6718 8.1627 9.6559 6.5795 12 6.5795z\"\/>\r\n    <\/svg>\r\n  <\/div>\r\n  <div class=\"nsl-button-label-container\" style=\"font-family:'Google Sans',Roboto,Arial,sans-serif; font-size:14px; font-weight:500; color:#3c4043; letter-spacing:0.25px;\">Se connecter avec <b>Google<\/b><\/div>\r\n<\/div><\/a><\/div><\/div>\n","protected":false},"excerpt":{"rendered":"","protected":false},"author":1,"featured_media":0,"parent":0,"menu_order":0,"comment_status":"closed","ping_status":"closed","template":"template-dashboard.php","meta":{"_acf_changed":false,"_monsterinsights_skip_tracking":false,"_monsterinsights_sitenote_active":false,"_monsterinsights_sitenote_note":"","_monsterinsights_sitenote_category":0,"postBodyCss":"","postBodyMargin":[],"postBodyPadding":[],"postBodyBackground":{"backgroundType":"classic","gradient":""},"footnotes":""},"class_list":["post-133","page","type-page","status-publish","hentry"],"acf":[],"yoast_head":"<!-- This site is optimized with the Yoast SEO plugin v27.5 - https:\/\/yoast.com\/product\/yoast-seo-wordpress\/ -->\n<title>Mon profil Zen - Bnbzen<\/title>\n<meta name=\"robots\" content=\"index, follow, max-snippet:-1, max-image-preview:large, max-video-preview:-1\" \/>\n<link rel=\"canonical\" href=\"https:\/\/bnbzen.fr\/en\/mon-profil-zen\/\" \/>\n<meta property=\"og:locale\" content=\"en_GB\" \/>\n<meta property=\"og:type\" content=\"article\" \/>\n<meta property=\"og:title\" content=\"Mon profil Zen - Bnbzen\" \/>\n<meta property=\"og:url\" content=\"https:\/\/bnbzen.fr\/en\/mon-profil-zen\/\" \/>\n<meta property=\"og:site_name\" content=\"Bnbzen\" \/>\n<meta property=\"article:modified_time\" content=\"2025-06-13T21:03:25+00:00\" \/>\n<meta property=\"og:image\" content=\"https:\/\/bnbzen.fr\/wp-content\/uploads\/2022\/11\/Logo-Bnbzen-.jpg\" \/>\n\t<meta property=\"og:image:width\" content=\"1024\" \/>\n\t<meta property=\"og:image:height\" content=\"1024\" \/>\n\t<meta property=\"og:image:type\" content=\"image\/jpeg\" \/>\n<meta name=\"twitter:card\" content=\"summary_large_image\" \/>\n<script type=\"application\/ld+json\" class=\"yoast-schema-graph\">{\"@context\":\"https:\\\/\\\/schema.org\",\"@graph\":[{\"@type\":\"WebPage\",\"@id\":\"https:\\\/\\\/bnbzen.fr\\\/mon-profil-zen\\\/\",\"url\":\"https:\\\/\\\/bnbzen.fr\\\/mon-profil-zen\\\/\",\"name\":\"Mon profil Zen - Bnbzen\",\"isPartOf\":{\"@id\":\"https:\\\/\\\/bnbzen.fr\\\/#website\"},\"datePublished\":\"2018-11-02T10:41:38+00:00\",\"dateModified\":\"2025-06-13T21:03:25+00:00\",\"breadcrumb\":{\"@id\":\"https:\\\/\\\/bnbzen.fr\\\/mon-profil-zen\\\/#breadcrumb\"},\"inLanguage\":\"en-GB\",\"potentialAction\":[{\"@type\":\"ReadAction\",\"target\":[\"https:\\\/\\\/bnbzen.fr\\\/mon-profil-zen\\\/\"]}]},{\"@type\":\"BreadcrumbList\",\"@id\":\"https:\\\/\\\/bnbzen.fr\\\/mon-profil-zen\\\/#breadcrumb\",\"itemListElement\":[{\"@type\":\"ListItem\",\"position\":1,\"name\":\"Accueil\",\"item\":\"https:\\\/\\\/bnbzen.fr\\\/\"},{\"@type\":\"ListItem\",\"position\":2,\"name\":\"Mon profil Zen\"}]},{\"@type\":\"WebSite\",\"@id\":\"https:\\\/\\\/bnbzen.fr\\\/#website\",\"url\":\"https:\\\/\\\/bnbzen.fr\\\/\",\"name\":\"Bnbzen\",\"description\":\"La 1\u00e8re plateforme de suites bien-\u00eatre, journ\u00e9e &amp; nuit\u00e9e.\",\"publisher\":{\"@id\":\"https:\\\/\\\/bnbzen.fr\\\/#organization\"},\"alternateName\":\"Bnbzen\",\"potentialAction\":[{\"@type\":\"SearchAction\",\"target\":{\"@type\":\"EntryPoint\",\"urlTemplate\":\"https:\\\/\\\/bnbzen.fr\\\/?s={search_term_string}\"},\"query-input\":{\"@type\":\"PropertyValueSpecification\",\"valueRequired\":true,\"valueName\":\"search_term_string\"}}],\"inLanguage\":\"en-GB\"},{\"@type\":\"Organization\",\"@id\":\"https:\\\/\\\/bnbzen.fr\\\/#organization\",\"name\":\"Bnbzen\",\"url\":\"https:\\\/\\\/bnbzen.fr\\\/\",\"logo\":{\"@type\":\"ImageObject\",\"inLanguage\":\"en-GB\",\"@id\":\"https:\\\/\\\/bnbzen.fr\\\/#\\\/schema\\\/logo\\\/image\\\/\",\"url\":\"https:\\\/\\\/bnbzen.fr\\\/wp-content\\\/uploads\\\/2025\\\/09\\\/cropped-ChatGPT-Image-1-sept.-2025-15_16_27-3.jpg\",\"contentUrl\":\"https:\\\/\\\/bnbzen.fr\\\/wp-content\\\/uploads\\\/2025\\\/09\\\/cropped-ChatGPT-Image-1-sept.-2025-15_16_27-3.jpg\",\"width\":512,\"height\":512,\"caption\":\"Bnbzen\"},\"image\":{\"@id\":\"https:\\\/\\\/bnbzen.fr\\\/#\\\/schema\\\/logo\\\/image\\\/\"}}]}<\/script>\n<!-- \/ Yoast SEO plugin. -->","yoast_head_json":{"title":"Mon profil Zen - Bnbzen","robots":{"index":"index","follow":"follow","max-snippet":"max-snippet:-1","max-image-preview":"max-image-preview:large","max-video-preview":"max-video-preview:-1"},"canonical":"https:\/\/bnbzen.fr\/en\/mon-profil-zen\/","og_locale":"en_GB","og_type":"article","og_title":"Mon profil Zen - Bnbzen","og_url":"https:\/\/bnbzen.fr\/en\/mon-profil-zen\/","og_site_name":"Bnbzen","article_modified_time":"2025-06-13T21:03:25+00:00","og_image":[{"width":1024,"height":1024,"url":"https:\/\/bnbzen.fr\/wp-content\/uploads\/2022\/11\/Logo-Bnbzen-.jpg","type":"image\/jpeg"}],"twitter_card":"summary_large_image","schema":{"@context":"https:\/\/schema.org","@graph":[{"@type":"WebPage","@id":"https:\/\/bnbzen.fr\/mon-profil-zen\/","url":"https:\/\/bnbzen.fr\/mon-profil-zen\/","name":"Mon profil Zen - Bnbzen","isPartOf":{"@id":"https:\/\/bnbzen.fr\/#website"},"datePublished":"2018-11-02T10:41:38+00:00","dateModified":"2025-06-13T21:03:25+00:00","breadcrumb":{"@id":"https:\/\/bnbzen.fr\/mon-profil-zen\/#breadcrumb"},"inLanguage":"en-GB","potentialAction":[{"@type":"ReadAction","target":["https:\/\/bnbzen.fr\/mon-profil-zen\/"]}]},{"@type":"BreadcrumbList","@id":"https:\/\/bnbzen.fr\/mon-profil-zen\/#breadcrumb","itemListElement":[{"@type":"ListItem","position":1,"name":"Accueil","item":"https:\/\/bnbzen.fr\/"},{"@type":"ListItem","position":2,"name":"Mon profil Zen"}]},{"@type":"WebSite","@id":"https:\/\/bnbzen.fr\/#website","url":"https:\/\/bnbzen.fr\/","name":"Bnbzen","description":"La 1\u00e8re plateforme de suites bien-\u00eatre, journ\u00e9e &amp; nuit\u00e9e.","publisher":{"@id":"https:\/\/bnbzen.fr\/#organization"},"alternateName":"Bnbzen","potentialAction":[{"@type":"SearchAction","target":{"@type":"EntryPoint","urlTemplate":"https:\/\/bnbzen.fr\/?s={search_term_string}"},"query-input":{"@type":"PropertyValueSpecification","valueRequired":true,"valueName":"search_term_string"}}],"inLanguage":"en-GB"},{"@type":"Organization","@id":"https:\/\/bnbzen.fr\/#organization","name":"Bnbzen","url":"https:\/\/bnbzen.fr\/","logo":{"@type":"ImageObject","inLanguage":"en-GB","@id":"https:\/\/bnbzen.fr\/#\/schema\/logo\/image\/","url":"https:\/\/bnbzen.fr\/wp-content\/uploads\/2025\/09\/cropped-ChatGPT-Image-1-sept.-2025-15_16_27-3.jpg","contentUrl":"https:\/\/bnbzen.fr\/wp-content\/uploads\/2025\/09\/cropped-ChatGPT-Image-1-sept.-2025-15_16_27-3.jpg","width":512,"height":512,"caption":"Bnbzen"},"image":{"@id":"https:\/\/bnbzen.fr\/#\/schema\/logo\/image\/"}}]}},"_links":{"self":[{"href":"https:\/\/bnbzen.fr\/en\/wp-json\/wp\/v2\/pages\/133","targetHints":{"allow":["GET"]}}],"collection":[{"href":"https:\/\/bnbzen.fr\/en\/wp-json\/wp\/v2\/pages"}],"about":[{"href":"https:\/\/bnbzen.fr\/en\/wp-json\/wp\/v2\/types\/page"}],"author":[{"embeddable":true,"href":"https:\/\/bnbzen.fr\/en\/wp-json\/wp\/v2\/users\/1"}],"replies":[{"embeddable":true,"href":"https:\/\/bnbzen.fr\/en\/wp-json\/wp\/v2\/comments?post=133"}],"version-history":[{"count":0,"href":"https:\/\/bnbzen.fr\/en\/wp-json\/wp\/v2\/pages\/133\/revisions"}],"wp:attachment":[{"href":"https:\/\/bnbzen.fr\/en\/wp-json\/wp\/v2\/media?parent=133"}],"curies":[{"name":"wp","href":"https:\/\/api.w.org\/{rel}","templated":true}]}}