{"id":10541,"date":"2025-09-13T21:35:10","date_gmt":"2025-09-13T19:35:10","guid":{"rendered":"https:\/\/bnbzen.fr\/?page_id=10541"},"modified":"2025-09-13T21:35:13","modified_gmt":"2025-09-13T19:35:13","slug":"gestion-des-cookies","status":"publish","type":"page","link":"https:\/\/bnbzen.fr\/en\/gestion-des-cookies\/","title":{"rendered":"Gestion des cookies"},"content":{"rendered":"<p>Un cookie est un petit fichier texte stock\u00e9 sur votre terminal (ordinateur, tablette, smartphone) par le Site BNBZEN lors de votre navigation. Il permet de reconna\u00eetre votre terminal et d\u2019am\u00e9liorer votre exp\u00e9rience sur le Site.<\/p>\n\n\n\n<p>Les cookies ne contiennent pas de donn\u00e9es sensibles comme un mot de passe, mais peuvent contenir des informations sur votre navigation ou vos pr\u00e9f\u00e9rences.<\/p>\n\n\n\n<h2 class=\"wp-block-heading\">2. Finalit\u00e9s des cookies utilis\u00e9s sur BNBZEN<\/h2>\n\n\n\n<p>BNBZEN utilise diff\u00e9rents types de cookies pour :<\/p>\n\n\n\n<ul class=\"wp-block-list\">\n<li><strong>Assurer le fonctionnement du Site<\/strong> (cookies techniques n\u00e9cessaires pour naviguer et utiliser les fonctionnalit\u00e9s)<\/li>\n\n\n\n<li><strong>M\u00e9moriser vos choix et pr\u00e9f\u00e9rences<\/strong> (langue, affichage, personnalisation de l\u2019exp\u00e9rience)<\/li>\n\n\n\n<li><strong>Analyser la fr\u00e9quentation et am\u00e9liorer le Site<\/strong> (cookies d\u2019analyse et statistiques anonymes)<\/li>\n\n\n\n<li><strong>Proposer des contenus et offres personnalis\u00e9es<\/strong> (publicit\u00e9 cibl\u00e9e si vous y consentez)<\/li>\n\n\n\n<li><strong>D\u00e9tecter et pr\u00e9venir les fraudes<\/strong> (s\u00e9curit\u00e9, authentification, protection contre les acc\u00e8s non autoris\u00e9s)<\/li>\n<\/ul>\n\n\n\n<h2 class=\"wp-block-heading\">3. Consentement et gestion des cookies<\/h2>\n\n\n\n<p>Lors de votre premi\u00e8re visite sur le Site, un bandeau vous informe de l\u2019utilisation des cookies. Vous pouvez :<\/p>\n\n\n\n<ul class=\"wp-block-list\">\n<li><strong>Accepter tous les cookies<\/strong><\/li>\n\n\n\n<li><strong>Refuser certains types de cookies<\/strong><\/li>\n\n\n\n<li><strong>G\u00e9rer vos pr\u00e9f\u00e9rences \u00e0 tout moment<\/strong> via le lien d\u00e9di\u00e9 dans le pied de page du Site<\/li>\n<\/ul>\n\n\n\n<p>Le refus de certains cookies peut limiter certaines fonctionnalit\u00e9s du Site, mais n\u2019emp\u00eache pas son utilisation normale.<\/p>\n\n\n\n<h2 class=\"wp-block-heading\">4. Comment d\u00e9sactiver ou supprimer les cookies<\/h2>\n\n\n\n<p>Vous pouvez param\u00e9trer votre navigateur pour refuser ou supprimer les cookies :<\/p>\n\n\n\n<ul class=\"wp-block-list\">\n<li><strong>Google Chrome<\/strong> : Menu > Param\u00e8tres > Confidentialit\u00e9 et s\u00e9curit\u00e9 > Cookies et autres donn\u00e9es<\/li>\n\n\n\n<li><strong>Firefox<\/strong> : Menu > Options > Vie priv\u00e9e et s\u00e9curit\u00e9 > Cookies et donn\u00e9es de sites<\/li>\n\n\n\n<li><strong>Safari<\/strong> : Pr\u00e9f\u00e9rences > Confidentialit\u00e9 > G\u00e9rer les donn\u00e9es de site web<\/li>\n\n\n\n<li><strong>Microsoft Edge<\/strong> : Param\u00e8tres > Confidentialit\u00e9, recherche et services > Cookies et donn\u00e9es de site<\/li>\n<\/ul>\n\n\n\n<p>Pour plus d\u2019informations et les instructions pour d\u2019autres navigateurs, consultez la page officielle de la <strong>CNIL<\/strong> : <a>https:\/\/www.cnil.fr\/fr\/cookies-les-outils-pour-les-maitriser<\/a><\/p>\n\n\n\n<p><\/p>","protected":false},"excerpt":{"rendered":"<p>Un cookie est un petit fichier texte stock\u00e9 sur votre terminal (ordinateur, tablette, smartphone) par le Site BNBZEN lors de votre navigation. Il permet de reconna\u00eetre votre terminal et d\u2019am\u00e9liorer votre exp\u00e9rience sur le Site. Les cookies ne contiennent pas de donn\u00e9es sensibles comme un mot de passe, mais peuvent contenir des informations sur votre navigation ou vos pr\u00e9f\u00e9rences. 2. Finalit\u00e9s des cookies utilis\u00e9s sur BNBZEN BNBZEN utilise diff\u00e9rents types de cookies pour : 3. Consentement et gestion des cookies Lors de votre premi\u00e8re visite sur le Site, un bandeau vous informe de l\u2019utilisation des cookies. Vous pouvez : Le refus de certains cookies peut limiter certaines fonctionnalit\u00e9s du Site, mais n\u2019emp\u00eache pas son utilisation normale. 4. Comment d\u00e9sactiver ou supprimer les cookies Vous pouvez param\u00e9trer votre navigateur pour refuser ou supprimer les cookies : Pour plus d\u2019informations et les instructions pour d\u2019autres navigateurs, consultez la page officielle de la CNIL : https:\/\/www.cnil.fr\/fr\/cookies-les-outils-pour-les-maitriser<\/p>","protected":false},"author":1,"featured_media":0,"parent":0,"menu_order":0,"comment_status":"closed","ping_status":"closed","template":"","meta":{"_acf_changed":false,"_monsterinsights_skip_tracking":false,"_monsterinsights_sitenote_active":false,"_monsterinsights_sitenote_note":"","_monsterinsights_sitenote_category":0,"postBodyCss":"","postBodyMargin":[],"postBodyPadding":[],"postBodyBackground":{"backgroundType":"classic","gradient":""},"footnotes":""},"class_list":["post-10541","page","type-page","status-publish","hentry"],"acf":[],"yoast_head":"<!-- This site is optimized with the Yoast SEO plugin v27.2 - https:\/\/yoast.com\/product\/yoast-seo-wordpress\/ -->\n<title>Gestion des cookies - Bnbzen<\/title>\n<meta name=\"robots\" content=\"index, follow, max-snippet:-1, max-image-preview:large, max-video-preview:-1\" \/>\n<link rel=\"canonical\" href=\"https:\/\/bnbzen.fr\/en\/gestion-des-cookies\/\" \/>\n<meta property=\"og:locale\" content=\"en_GB\" \/>\n<meta property=\"og:type\" content=\"article\" \/>\n<meta property=\"og:title\" content=\"Gestion des cookies - Bnbzen\" \/>\n<meta property=\"og:description\" content=\"Un cookie est un petit fichier texte stock\u00e9 sur votre terminal (ordinateur, tablette, smartphone) par le Site BNBZEN lors de votre navigation. Il permet de reconna\u00eetre votre terminal et d\u2019am\u00e9liorer votre exp\u00e9rience sur le Site. Les cookies ne contiennent pas de donn\u00e9es sensibles comme un mot de passe, mais peuvent contenir des informations sur votre navigation ou vos pr\u00e9f\u00e9rences. 2. Finalit\u00e9s des cookies utilis\u00e9s sur BNBZEN BNBZEN utilise diff\u00e9rents types de cookies pour : 3. Consentement et gestion des cookies Lors de votre premi\u00e8re visite sur le Site, un bandeau vous informe de l\u2019utilisation des cookies. Vous pouvez : Le refus de certains cookies peut limiter certaines fonctionnalit\u00e9s du Site, mais n\u2019emp\u00eache pas son utilisation normale. 4. Comment d\u00e9sactiver ou supprimer les cookies Vous pouvez param\u00e9trer votre navigateur pour refuser ou supprimer les cookies : Pour plus d\u2019informations et les instructions pour d\u2019autres navigateurs, consultez la page officielle de la CNIL : https:\/\/www.cnil.fr\/fr\/cookies-les-outils-pour-les-maitriser\" \/>\n<meta property=\"og:url\" content=\"https:\/\/bnbzen.fr\/en\/gestion-des-cookies\/\" \/>\n<meta property=\"og:site_name\" content=\"Bnbzen\" \/>\n<meta property=\"article:modified_time\" content=\"2025-09-13T19:35:13+00:00\" \/>\n<meta property=\"og:image\" content=\"https:\/\/bnbzen.fr\/wp-content\/uploads\/2022\/11\/Logo-Bnbzen-.jpg\" \/>\n\t<meta property=\"og:image:width\" content=\"1024\" \/>\n\t<meta property=\"og:image:height\" content=\"1024\" \/>\n\t<meta property=\"og:image:type\" content=\"image\/jpeg\" \/>\n<meta name=\"twitter:card\" content=\"summary_large_image\" \/>\n<meta name=\"twitter:label1\" content=\"Estimated reading time\" \/>\n\t<meta name=\"twitter:data1\" content=\"2 minutes\" \/>\n<script type=\"application\/ld+json\" class=\"yoast-schema-graph\">{\"@context\":\"https:\/\/schema.org\",\"@graph\":[{\"@type\":\"WebPage\",\"@id\":\"https:\/\/bnbzen.fr\/en\/gestion-des-cookies\/\",\"url\":\"https:\/\/bnbzen.fr\/en\/gestion-des-cookies\/\",\"name\":\"Gestion des cookies - Bnbzen\",\"isPartOf\":{\"@id\":\"https:\/\/bnbzen.fr\/#website\"},\"datePublished\":\"2025-09-13T19:35:10+00:00\",\"dateModified\":\"2025-09-13T19:35:13+00:00\",\"breadcrumb\":{\"@id\":\"https:\/\/bnbzen.fr\/en\/gestion-des-cookies\/#breadcrumb\"},\"inLanguage\":\"en-GB\",\"potentialAction\":[{\"@type\":\"ReadAction\",\"target\":[\"https:\/\/bnbzen.fr\/en\/gestion-des-cookies\/\"]}]},{\"@type\":\"BreadcrumbList\",\"@id\":\"https:\/\/bnbzen.fr\/en\/gestion-des-cookies\/#breadcrumb\",\"itemListElement\":[{\"@type\":\"ListItem\",\"position\":1,\"name\":\"Accueil\",\"item\":\"https:\/\/bnbzen.fr\/\"},{\"@type\":\"ListItem\",\"position\":2,\"name\":\"Gestion des cookies\"}]},{\"@type\":\"WebSite\",\"@id\":\"https:\/\/bnbzen.fr\/#website\",\"url\":\"https:\/\/bnbzen.fr\/\",\"name\":\"Bnbzen\",\"description\":\"La 1\u00e8re plateforme de suites bien-\u00eatre, journ\u00e9e &amp; nuit\u00e9e.\",\"publisher\":{\"@id\":\"https:\/\/bnbzen.fr\/#organization\"},\"alternateName\":\"Bnbzen\",\"potentialAction\":[{\"@type\":\"SearchAction\",\"target\":{\"@type\":\"EntryPoint\",\"urlTemplate\":\"https:\/\/bnbzen.fr\/?s={search_term_string}\"},\"query-input\":{\"@type\":\"PropertyValueSpecification\",\"valueRequired\":true,\"valueName\":\"search_term_string\"}}],\"inLanguage\":\"en-GB\"},{\"@type\":\"Organization\",\"@id\":\"https:\/\/bnbzen.fr\/#organization\",\"name\":\"Bnbzen\",\"url\":\"https:\/\/bnbzen.fr\/\",\"logo\":{\"@type\":\"ImageObject\",\"inLanguage\":\"en-GB\",\"@id\":\"https:\/\/bnbzen.fr\/#\/schema\/logo\/image\/\",\"url\":\"https:\/\/bnbzen.fr\/wp-content\/uploads\/2025\/09\/cropped-ChatGPT-Image-1-sept.-2025-15_16_27-3.jpg\",\"contentUrl\":\"https:\/\/bnbzen.fr\/wp-content\/uploads\/2025\/09\/cropped-ChatGPT-Image-1-sept.-2025-15_16_27-3.jpg\",\"width\":512,\"height\":512,\"caption\":\"Bnbzen\"},\"image\":{\"@id\":\"https:\/\/bnbzen.fr\/#\/schema\/logo\/image\/\"}}]}<\/script>\n<!-- \/ Yoast SEO plugin. -->","yoast_head_json":{"title":"Gestion des cookies - Bnbzen","robots":{"index":"index","follow":"follow","max-snippet":"max-snippet:-1","max-image-preview":"max-image-preview:large","max-video-preview":"max-video-preview:-1"},"canonical":"https:\/\/bnbzen.fr\/en\/gestion-des-cookies\/","og_locale":"en_GB","og_type":"article","og_title":"Gestion des cookies - Bnbzen","og_description":"Un cookie est un petit fichier texte stock\u00e9 sur votre terminal (ordinateur, tablette, smartphone) par le Site BNBZEN lors de votre navigation. Il permet de reconna\u00eetre votre terminal et d\u2019am\u00e9liorer votre exp\u00e9rience sur le Site. Les cookies ne contiennent pas de donn\u00e9es sensibles comme un mot de passe, mais peuvent contenir des informations sur votre navigation ou vos pr\u00e9f\u00e9rences. 2. Finalit\u00e9s des cookies utilis\u00e9s sur BNBZEN BNBZEN utilise diff\u00e9rents types de cookies pour : 3. Consentement et gestion des cookies Lors de votre premi\u00e8re visite sur le Site, un bandeau vous informe de l\u2019utilisation des cookies. Vous pouvez : Le refus de certains cookies peut limiter certaines fonctionnalit\u00e9s du Site, mais n\u2019emp\u00eache pas son utilisation normale. 4. Comment d\u00e9sactiver ou supprimer les cookies Vous pouvez param\u00e9trer votre navigateur pour refuser ou supprimer les cookies : Pour plus d\u2019informations et les instructions pour d\u2019autres navigateurs, consultez la page officielle de la CNIL : https:\/\/www.cnil.fr\/fr\/cookies-les-outils-pour-les-maitriser","og_url":"https:\/\/bnbzen.fr\/en\/gestion-des-cookies\/","og_site_name":"Bnbzen","article_modified_time":"2025-09-13T19:35:13+00:00","og_image":[{"width":1024,"height":1024,"url":"https:\/\/bnbzen.fr\/wp-content\/uploads\/2022\/11\/Logo-Bnbzen-.jpg","type":"image\/jpeg"}],"twitter_card":"summary_large_image","twitter_misc":{"Estimated reading time":"2 minutes"},"schema":{"@context":"https:\/\/schema.org","@graph":[{"@type":"WebPage","@id":"https:\/\/bnbzen.fr\/en\/gestion-des-cookies\/","url":"https:\/\/bnbzen.fr\/en\/gestion-des-cookies\/","name":"Gestion des cookies - Bnbzen","isPartOf":{"@id":"https:\/\/bnbzen.fr\/#website"},"datePublished":"2025-09-13T19:35:10+00:00","dateModified":"2025-09-13T19:35:13+00:00","breadcrumb":{"@id":"https:\/\/bnbzen.fr\/en\/gestion-des-cookies\/#breadcrumb"},"inLanguage":"en-GB","potentialAction":[{"@type":"ReadAction","target":["https:\/\/bnbzen.fr\/en\/gestion-des-cookies\/"]}]},{"@type":"BreadcrumbList","@id":"https:\/\/bnbzen.fr\/en\/gestion-des-cookies\/#breadcrumb","itemListElement":[{"@type":"ListItem","position":1,"name":"Accueil","item":"https:\/\/bnbzen.fr\/"},{"@type":"ListItem","position":2,"name":"Gestion des cookies"}]},{"@type":"WebSite","@id":"https:\/\/bnbzen.fr\/#website","url":"https:\/\/bnbzen.fr\/","name":"Bnbzen","description":"La 1\u00e8re plateforme de suites bien-\u00eatre, journ\u00e9e &amp; nuit\u00e9e.","publisher":{"@id":"https:\/\/bnbzen.fr\/#organization"},"alternateName":"Bnbzen","potentialAction":[{"@type":"SearchAction","target":{"@type":"EntryPoint","urlTemplate":"https:\/\/bnbzen.fr\/?s={search_term_string}"},"query-input":{"@type":"PropertyValueSpecification","valueRequired":true,"valueName":"search_term_string"}}],"inLanguage":"en-GB"},{"@type":"Organization","@id":"https:\/\/bnbzen.fr\/#organization","name":"Bnbzen","url":"https:\/\/bnbzen.fr\/","logo":{"@type":"ImageObject","inLanguage":"en-GB","@id":"https:\/\/bnbzen.fr\/#\/schema\/logo\/image\/","url":"https:\/\/bnbzen.fr\/wp-content\/uploads\/2025\/09\/cropped-ChatGPT-Image-1-sept.-2025-15_16_27-3.jpg","contentUrl":"https:\/\/bnbzen.fr\/wp-content\/uploads\/2025\/09\/cropped-ChatGPT-Image-1-sept.-2025-15_16_27-3.jpg","width":512,"height":512,"caption":"Bnbzen"},"image":{"@id":"https:\/\/bnbzen.fr\/#\/schema\/logo\/image\/"}}]}},"_links":{"self":[{"href":"https:\/\/bnbzen.fr\/en\/wp-json\/wp\/v2\/pages\/10541","targetHints":{"allow":["GET"]}}],"collection":[{"href":"https:\/\/bnbzen.fr\/en\/wp-json\/wp\/v2\/pages"}],"about":[{"href":"https:\/\/bnbzen.fr\/en\/wp-json\/wp\/v2\/types\/page"}],"author":[{"embeddable":true,"href":"https:\/\/bnbzen.fr\/en\/wp-json\/wp\/v2\/users\/1"}],"replies":[{"embeddable":true,"href":"https:\/\/bnbzen.fr\/en\/wp-json\/wp\/v2\/comments?post=10541"}],"version-history":[{"count":0,"href":"https:\/\/bnbzen.fr\/en\/wp-json\/wp\/v2\/pages\/10541\/revisions"}],"wp:attachment":[{"href":"https:\/\/bnbzen.fr\/en\/wp-json\/wp\/v2\/media?parent=10541"}],"curies":[{"name":"wp","href":"https:\/\/api.w.org\/{rel}","templated":true}]}}